{"id":7,"date":"2024-03-25T10:39:15","date_gmt":"2024-03-25T09:39:15","guid":{"rendered":"https:\/\/carlindia.com\/?page_id=7"},"modified":"2025-10-29T12:37:41","modified_gmt":"2025-10-29T11:37:41","slug":"accueil","status":"publish","type":"page","link":"https:\/\/carlindia.com\/","title":{"rendered":"Accueil"},"content":{"rendered":"\n<p>Plongez au c\u0153ur de notre domaine nature et animalier&nbsp;!<\/p>\n\n\n\n<p>Un cadre paisible o\u00f9 infrastructures sp\u00e9cialis\u00e9es \u00e9questres ainsi que activit\u00e9s d\u00e9di\u00e9es au loisir et au soin se conjuguent pour vous offrir une exp\u00e9rience authentique.<\/p>\n\n\n\n<p>Partez \u00e0 la d\u00e9couverte de tout ce que notre domaine a \u00e0 offrir \u00e0 travers les pages de ce site&nbsp;!<\/p>\n\n\n\n<p>BALADES EQUESTRES &#8211; GITES INSOLITES &#8211; ELEVAGE &#8211; SOINS &#8211; ANIMATIONS <\/p>\n\n\n\n<p><\/p>\n\n\n\n<figure class=\"wp-block-video\"><video height=\"268\" style=\"aspect-ratio: 480 \/ 268;\" width=\"480\" controls src=\"http:\/\/carlindia.com\/wp-content\/uploads\/2024\/11\/Video.mov\"><\/video><figcaption class=\"wp-element-caption\">juillet 2024<\/figcaption><\/figure>\n\n\n\n<p class=\"has-text-align-center\">ALLIER 03 &#8211; 8km de VICHY<\/p>\n\n\n\n<figure class=\"wp-block-video\"><\/figure>\n\n\n\n<p><\/p>\n","protected":false},"excerpt":{"rendered":"<p>Plongez au c\u0153ur de notre domaine nature et animalier&nbsp;! Un cadre paisible o\u00f9 infrastructures sp\u00e9cialis\u00e9es \u00e9questres ainsi que activit\u00e9s d\u00e9di\u00e9es au loisir et au soin se conjuguent pour vous offrir une exp\u00e9rience authentique. Partez \u00e0 la d\u00e9couverte de tout ce que notre domaine a \u00e0 offrir \u00e0 travers les pages de ce site&nbsp;! BALADES EQUESTRES &hellip; <\/p>\n<p class=\"link-more\"><a href=\"https:\/\/carlindia.com\/\" class=\"more-link\">Continuer la lecture<span class=\"screen-reader-text\"> de &laquo;&nbsp;Accueil&nbsp;&raquo;<\/span><\/a><\/p>\n","protected":false},"author":1,"featured_media":898,"parent":0,"menu_order":0,"comment_status":"closed","ping_status":"closed","template":"","meta":{"footnotes":""},"class_list":["post-7","page","type-page","status-publish","has-post-thumbnail","hentry"],"_links":{"self":[{"href":"https:\/\/carlindia.com\/index.php\/wp-json\/wp\/v2\/pages\/7","targetHints":{"allow":["GET"]}}],"collection":[{"href":"https:\/\/carlindia.com\/index.php\/wp-json\/wp\/v2\/pages"}],"about":[{"href":"https:\/\/carlindia.com\/index.php\/wp-json\/wp\/v2\/types\/page"}],"author":[{"embeddable":true,"href":"https:\/\/carlindia.com\/index.php\/wp-json\/wp\/v2\/users\/1"}],"replies":[{"embeddable":true,"href":"https:\/\/carlindia.com\/index.php\/wp-json\/wp\/v2\/comments?post=7"}],"version-history":[{"count":13,"href":"https:\/\/carlindia.com\/index.php\/wp-json\/wp\/v2\/pages\/7\/revisions"}],"predecessor-version":[{"id":881,"href":"https:\/\/carlindia.com\/index.php\/wp-json\/wp\/v2\/pages\/7\/revisions\/881"}],"wp:featuredmedia":[{"embeddable":true,"href":"https:\/\/carlindia.com\/index.php\/wp-json\/wp\/v2\/media\/898"}],"wp:attachment":[{"href":"https:\/\/carlindia.com\/index.php\/wp-json\/wp\/v2\/media?parent=7"}],"curies":[{"name":"wp","href":"https:\/\/api.w.org\/{rel}","templated":true}]}}