{"id":624,"date":"2025-03-16T20:04:59","date_gmt":"2025-03-16T19:04:59","guid":{"rendered":"https:\/\/carlindia.com\/?page_id=624"},"modified":"2025-03-16T21:44:36","modified_gmt":"2025-03-16T20:44:36","slug":"animaliers","status":"publish","type":"page","link":"https:\/\/carlindia.com\/index.php\/animaliers\/","title":{"rendered":"Animaliers"},"content":{"rendered":"\n<p><strong>RANDONNEES EQUESTRES<\/strong><\/p>\n\n\n\n<p><img loading=\"lazy\" decoding=\"async\" height=\"16\" width=\"16\" alt=\"\ud83c\udf3f\" src=\"https:\/\/static.xx.fbcdn.net\/images\/emoji.php\/v9\/t1e\/1\/16\/1f33f.png\"> Rendez-vous pour la premi\u00e8re randonn\u00e9e \u00e0 cheval de la saison ! <img loading=\"lazy\" decoding=\"async\" height=\"16\" width=\"16\" alt=\"\ud83c\udf3f\" src=\"https:\/\/static.xx.fbcdn.net\/images\/emoji.php\/v9\/t1e\/1\/16\/1f33f.png\"><\/p>\n\n\n\n<p><img loading=\"lazy\" decoding=\"async\" height=\"16\" width=\"16\" alt=\"\ud83d\udcc5\" src=\"https:\/\/static.xx.fbcdn.net\/images\/emoji.php\/v9\/t7e\/1\/16\/1f4c5.png\"> Date : 27 avril 2025<\/p>\n\n\n\n<p><img loading=\"lazy\" decoding=\"async\" height=\"16\" width=\"16\" alt=\"\ud83d\udd51\" src=\"https:\/\/static.xx.fbcdn.net\/images\/emoji.php\/v9\/t29\/1\/16\/1f551.png\"> Horaires : 14h &#8211; 17h<\/p>\n\n\n\n<p><img loading=\"lazy\" decoding=\"async\" height=\"16\" width=\"16\" alt=\"\ud83d\udccd\" src=\"https:\/\/static.xx.fbcdn.net\/images\/emoji.php\/v9\/t2d\/1\/16\/1f4cd.png\"> Lieu : Espinasse Vozelle<\/p>\n\n\n\n<p><a><\/a>Rejoignez-nous pour une balade \u00e0 cheval en ext\u00e9rieur, encadr\u00e9e par notre monitrice et ATE partenaire, C\u00e9lia de Equi Way ! <img loading=\"lazy\" decoding=\"async\" height=\"16\" width=\"16\" alt=\"\ud83d\udc34\" src=\"https:\/\/static.xx.fbcdn.net\/images\/emoji.php\/v9\/t2d\/1\/16\/1f434.png\"><\/p>\n\n\n\n<p>Cavaliers de niveaux galop 1 \u00e0 3<\/p>\n\n\n\n<p><img loading=\"lazy\" decoding=\"async\" height=\"16\" width=\"16\" alt=\"\ud83d\udd39\" src=\"https:\/\/static.xx.fbcdn.net\/images\/emoji.php\/v9\/tf3\/1\/16\/1f539.png\"> Programme :<\/p>\n\n\n\n<p>\u2022 30 minutes de pr\u00e9paration<\/p>\n\n\n\n<p>\u2022 30 minutes de prise de connaissance et conseils en carri\u00e8re<\/p>\n\n\n\n<p>\u2022 2 heures de randonn\u00e9e<\/p>\n\n\n\n<p>\u2022 30 minutes de chouchoutage et remerciement de la monture<\/p>\n\n\n\n<p><img loading=\"lazy\" decoding=\"async\" height=\"16\" width=\"16\" alt=\"\ud83d\udcb6\" src=\"https:\/\/static.xx.fbcdn.net\/images\/emoji.php\/v9\/t60\/1\/16\/1f4b6.png\"> Tarif : offre \u00e0 45 \u20ac (pour 2h30 \u00e0 cheval)<\/p>\n\n\n\n<p><img loading=\"lazy\" decoding=\"async\" height=\"16\" width=\"16\" alt=\"\ud83d\udc34\" src=\"https:\/\/static.xx.fbcdn.net\/images\/emoji.php\/v9\/t2d\/1\/16\/1f434.png\"> 5 chevaux disponibles + ouverte aux chevaux ext\u00e9rieurs et leurs propri\u00e9taires<\/p>\n\n\n\n<p>R\u00e9servez d\u00e8s maintenant et profitez d\u2019un moment nature, tout en partageant un moment convivial avec votre monture !<\/p>\n\n\n\n<p><img loading=\"lazy\" decoding=\"async\" height=\"16\" width=\"16\" alt=\"\ud83d\udce9\" src=\"https:\/\/static.xx.fbcdn.net\/images\/emoji.php\/v9\/tc0\/1\/16\/1f4e9.png\"> R\u00e9servations et infos : Contactez-nous d\u00e8s maintenant !<\/p>\n\n\n\n<p><img loading=\"lazy\" decoding=\"async\" height=\"16\" width=\"16\" src=\"https:\/\/static.xx.fbcdn.net\/images\/emoji.php\/v9\/t4d\/1\/16\/1f4de.png\" alt=\"\ud83d\udcde\"> 06.95.95.88.22<\/p>\n\n\n\n<figure class=\"wp-block-image size-large\"><img loading=\"lazy\" decoding=\"async\" width=\"724\" height=\"1024\" src=\"https:\/\/carlindia.com\/wp-content\/uploads\/2025\/03\/482809803_122218777562034936_5266099601621286104_n-724x1024.jpg\" alt=\"\" class=\"wp-image-659\" srcset=\"https:\/\/carlindia.com\/wp-content\/uploads\/2025\/03\/482809803_122218777562034936_5266099601621286104_n-724x1024.jpg 724w, https:\/\/carlindia.com\/wp-content\/uploads\/2025\/03\/482809803_122218777562034936_5266099601621286104_n-212x300.jpg 212w, https:\/\/carlindia.com\/wp-content\/uploads\/2025\/03\/482809803_122218777562034936_5266099601621286104_n-768x1086.jpg 768w, https:\/\/carlindia.com\/wp-content\/uploads\/2025\/03\/482809803_122218777562034936_5266099601621286104_n-1086x1536.jpg 1086w, https:\/\/carlindia.com\/wp-content\/uploads\/2025\/03\/482809803_122218777562034936_5266099601621286104_n.jpg 1414w\" sizes=\"auto, (max-width: 724px) 100vw, 724px\" \/><\/figure>\n\n\n\n<p><\/p>\n","protected":false},"excerpt":{"rendered":"<p>RANDONNEES EQUESTRES Rendez-vous pour la premi\u00e8re randonn\u00e9e \u00e0 cheval de la saison ! Date : 27 avril 2025 Horaires : 14h &#8211; 17h Lieu : Espinasse Vozelle Rejoignez-nous pour une balade \u00e0 cheval en ext\u00e9rieur, encadr\u00e9e par notre monitrice et ATE partenaire, C\u00e9lia de Equi Way ! Cavaliers de niveaux galop 1 \u00e0 3 Programme &hellip; <\/p>\n<p class=\"link-more\"><a href=\"https:\/\/carlindia.com\/index.php\/animaliers\/\" class=\"more-link\">Continuer la lecture<span class=\"screen-reader-text\"> de &laquo;&nbsp;Animaliers&nbsp;&raquo;<\/span><\/a><\/p>\n","protected":false},"author":1,"featured_media":0,"parent":0,"menu_order":0,"comment_status":"closed","ping_status":"closed","template":"","meta":{"footnotes":""},"class_list":["post-624","page","type-page","status-publish","hentry"],"_links":{"self":[{"href":"https:\/\/carlindia.com\/index.php\/wp-json\/wp\/v2\/pages\/624","targetHints":{"allow":["GET"]}}],"collection":[{"href":"https:\/\/carlindia.com\/index.php\/wp-json\/wp\/v2\/pages"}],"about":[{"href":"https:\/\/carlindia.com\/index.php\/wp-json\/wp\/v2\/types\/page"}],"author":[{"embeddable":true,"href":"https:\/\/carlindia.com\/index.php\/wp-json\/wp\/v2\/users\/1"}],"replies":[{"embeddable":true,"href":"https:\/\/carlindia.com\/index.php\/wp-json\/wp\/v2\/comments?post=624"}],"version-history":[{"count":3,"href":"https:\/\/carlindia.com\/index.php\/wp-json\/wp\/v2\/pages\/624\/revisions"}],"predecessor-version":[{"id":660,"href":"https:\/\/carlindia.com\/index.php\/wp-json\/wp\/v2\/pages\/624\/revisions\/660"}],"wp:attachment":[{"href":"https:\/\/carlindia.com\/index.php\/wp-json\/wp\/v2\/media?parent=624"}],"curies":[{"name":"wp","href":"https:\/\/api.w.org\/{rel}","templated":true}]}}