{"id":601,"date":"2025-03-16T19:57:28","date_gmt":"2025-03-16T18:57:28","guid":{"rendered":"https:\/\/carlindia.com\/?page_id=601"},"modified":"2025-03-16T20:22:34","modified_gmt":"2025-03-16T19:22:34","slug":"boxs","status":"publish","type":"page","link":"https:\/\/carlindia.com\/index.php\/boxs\/","title":{"rendered":"Boxs nus"},"content":{"rendered":"\n<p>Location de boxs nus, 3X4m, avec partie de prairies cl\u00f4tur\u00e9es<\/p>\n\n\n\n<p>Acc\u00e8s aux infrastructures. Mat\u00e9riel fourni<\/p>\n\n\n\n<figure class=\"wp-block-image size-large\"><img loading=\"lazy\" decoding=\"async\" width=\"768\" height=\"1024\" src=\"https:\/\/carlindia.com\/wp-content\/uploads\/2024\/03\/391705026_122122050032034936_3531018137623846721_n-768x1024.jpg\" alt=\"\" class=\"wp-image-187\" srcset=\"https:\/\/carlindia.com\/wp-content\/uploads\/2024\/03\/391705026_122122050032034936_3531018137623846721_n-768x1024.jpg 768w, https:\/\/carlindia.com\/wp-content\/uploads\/2024\/03\/391705026_122122050032034936_3531018137623846721_n-225x300.jpg 225w, https:\/\/carlindia.com\/wp-content\/uploads\/2024\/03\/391705026_122122050032034936_3531018137623846721_n-1152x1536.jpg 1152w, https:\/\/carlindia.com\/wp-content\/uploads\/2024\/03\/391705026_122122050032034936_3531018137623846721_n.jpg 1536w\" sizes=\"auto, (max-width: 706px) 89vw, (max-width: 767px) 82vw, 740px\" \/><\/figure>\n","protected":false},"excerpt":{"rendered":"<p>Location de boxs nus, 3X4m, avec partie de prairies cl\u00f4tur\u00e9es Acc\u00e8s aux infrastructures. Mat\u00e9riel fourni<\/p>\n","protected":false},"author":1,"featured_media":0,"parent":0,"menu_order":0,"comment_status":"closed","ping_status":"closed","template":"","meta":{"footnotes":""},"class_list":["post-601","page","type-page","status-publish","hentry"],"_links":{"self":[{"href":"https:\/\/carlindia.com\/index.php\/wp-json\/wp\/v2\/pages\/601","targetHints":{"allow":["GET"]}}],"collection":[{"href":"https:\/\/carlindia.com\/index.php\/wp-json\/wp\/v2\/pages"}],"about":[{"href":"https:\/\/carlindia.com\/index.php\/wp-json\/wp\/v2\/types\/page"}],"author":[{"embeddable":true,"href":"https:\/\/carlindia.com\/index.php\/wp-json\/wp\/v2\/users\/1"}],"replies":[{"embeddable":true,"href":"https:\/\/carlindia.com\/index.php\/wp-json\/wp\/v2\/comments?post=601"}],"version-history":[{"count":2,"href":"https:\/\/carlindia.com\/index.php\/wp-json\/wp\/v2\/pages\/601\/revisions"}],"predecessor-version":[{"id":640,"href":"https:\/\/carlindia.com\/index.php\/wp-json\/wp\/v2\/pages\/601\/revisions\/640"}],"wp:attachment":[{"href":"https:\/\/carlindia.com\/index.php\/wp-json\/wp\/v2\/media?parent=601"}],"curies":[{"name":"wp","href":"https:\/\/api.w.org\/{rel}","templated":true}]}}