{"id":596,"date":"2025-03-16T19:53:39","date_gmt":"2025-03-16T18:53:39","guid":{"rendered":"https:\/\/carlindia.com\/?page_id=596"},"modified":"2025-03-18T23:34:19","modified_gmt":"2025-03-18T22:34:19","slug":"gite-etape","status":"publish","type":"page","link":"https:\/\/carlindia.com\/index.php\/gite-etape\/","title":{"rendered":"G\u00eete \u00e9tape"},"content":{"rendered":"\n<p>Nouveau : G\u00eete d\u2019\u00e9tape &amp; camping au c\u0153ur de la nature !<\/p>\n\n\n\n<p>Voyageurs, cavaliers, randonneurs ou aventuriers en qu\u00eate d\u2019un s\u00e9jour authentique, notre g\u00eete \u00e9questre et nature vous ouvre ses portes !<\/p>\n\n\n\n<ul class=\"wp-block-list\">\n<li>G\u00eete en tente 8 places : id\u00e9al pour les groupes, cavaliers en itin\u00e9rance ou familles en qu\u00eate d\u2019aventure<\/li>\n<\/ul>\n\n\n\n<ul class=\"wp-block-list\">\n<li>Aire de camping : installez votre propre tente et profitez d\u2019un cadre pr\u00e9serv\u00e9<\/li>\n<\/ul>\n\n\n\n<ul class=\"wp-block-list\">\n<li>Accueil des camping-cars et vans am\u00e9nag\u00e9s : emplacements spacieux et en pleine nature<\/li>\n<\/ul>\n\n\n\n<ul class=\"wp-block-list\">\n<li>\u00c9tape \u00e9questre : venez avec votre cheval, nous avons tout pr\u00e9vu pour son confort !<\/li>\n<\/ul>\n\n\n\n<ul class=\"wp-block-list\">\n<li>Coin feu de camp &amp; convivialit\u00e9 : partagez des moments uniques sous les \u00e9toiles<\/li>\n<\/ul>\n\n\n\n<p>Un s\u00e9jour au plus proche de la nature, avec acc\u00e8s \u00e0 toutes nos activit\u00e9s : balades \u00e0 cheval, randonn\u00e9es, ferme p\u00e9dagogique et d\u00e9tente en pleine campagne !<\/p>\n\n\n\n<div class=\"wp-block-group is-layout-grid wp-container-core-group-is-layout-9649a0d9 wp-block-group-is-layout-grid\">\n<div class=\"wp-block-columns is-layout-flex wp-container-core-columns-is-layout-9d6595d7 wp-block-columns-is-layout-flex\">\n<div class=\"wp-block-column is-layout-flow wp-block-column-is-layout-flow\" style=\"flex-basis:100%\">\n<div class=\"wp-block-group is-nowrap is-layout-flex wp-container-core-group-is-layout-ad2f72ca wp-block-group-is-layout-flex\">\n<figure class=\"wp-block-image size-large\"><img loading=\"lazy\" decoding=\"async\" width=\"1024\" height=\"898\" src=\"https:\/\/carlindia.com\/wp-content\/uploads\/2025\/03\/481961777_606738558852775_3005498452927311920_n-1024x898.jpg\" alt=\"\" class=\"wp-image-833\" srcset=\"https:\/\/carlindia.com\/wp-content\/uploads\/2025\/03\/481961777_606738558852775_3005498452927311920_n-1024x898.jpg 1024w, https:\/\/carlindia.com\/wp-content\/uploads\/2025\/03\/481961777_606738558852775_3005498452927311920_n-300x263.jpg 300w, https:\/\/carlindia.com\/wp-content\/uploads\/2025\/03\/481961777_606738558852775_3005498452927311920_n-768x674.jpg 768w, https:\/\/carlindia.com\/wp-content\/uploads\/2025\/03\/481961777_606738558852775_3005498452927311920_n.jpg 1125w\" sizes=\"auto, (max-width: 706px) 89vw, (max-width: 767px) 82vw, 740px\" \/><\/figure>\n<\/div>\n<\/div>\n<\/div>\n<\/div>\n\n\n\n<p><\/p>\n","protected":false},"excerpt":{"rendered":"<p>Nouveau : G\u00eete d\u2019\u00e9tape &amp; camping au c\u0153ur de la nature ! Voyageurs, cavaliers, randonneurs ou aventuriers en qu\u00eate d\u2019un s\u00e9jour authentique, notre g\u00eete \u00e9questre et nature vous ouvre ses portes ! Un s\u00e9jour au plus proche de la nature, avec acc\u00e8s \u00e0 toutes nos activit\u00e9s : balades \u00e0 cheval, randonn\u00e9es, ferme p\u00e9dagogique et d\u00e9tente &hellip; <\/p>\n<p class=\"link-more\"><a href=\"https:\/\/carlindia.com\/index.php\/gite-etape\/\" class=\"more-link\">Continuer la lecture<span class=\"screen-reader-text\"> de &laquo;&nbsp;G\u00eete \u00e9tape&nbsp;&raquo;<\/span><\/a><\/p>\n","protected":false},"author":1,"featured_media":0,"parent":0,"menu_order":0,"comment_status":"closed","ping_status":"closed","template":"","meta":{"footnotes":""},"class_list":["post-596","page","type-page","status-publish","hentry"],"_links":{"self":[{"href":"https:\/\/carlindia.com\/index.php\/wp-json\/wp\/v2\/pages\/596","targetHints":{"allow":["GET"]}}],"collection":[{"href":"https:\/\/carlindia.com\/index.php\/wp-json\/wp\/v2\/pages"}],"about":[{"href":"https:\/\/carlindia.com\/index.php\/wp-json\/wp\/v2\/types\/page"}],"author":[{"embeddable":true,"href":"https:\/\/carlindia.com\/index.php\/wp-json\/wp\/v2\/users\/1"}],"replies":[{"embeddable":true,"href":"https:\/\/carlindia.com\/index.php\/wp-json\/wp\/v2\/comments?post=596"}],"version-history":[{"count":3,"href":"https:\/\/carlindia.com\/index.php\/wp-json\/wp\/v2\/pages\/596\/revisions"}],"predecessor-version":[{"id":834,"href":"https:\/\/carlindia.com\/index.php\/wp-json\/wp\/v2\/pages\/596\/revisions\/834"}],"wp:attachment":[{"href":"https:\/\/carlindia.com\/index.php\/wp-json\/wp\/v2\/media?parent=596"}],"curies":[{"name":"wp","href":"https:\/\/api.w.org\/{rel}","templated":true}]}}