{"id":594,"date":"2025-03-16T19:53:15","date_gmt":"2025-03-16T18:53:15","guid":{"rendered":"https:\/\/carlindia.com\/?page_id=594"},"modified":"2025-08-31T23:30:02","modified_gmt":"2025-08-31T21:30:02","slug":"gite-insolite","status":"publish","type":"page","link":"https:\/\/carlindia.com\/index.php\/gite-insolite\/","title":{"rendered":"S\u00e9jour insolite"},"content":{"rendered":"\n<figure class=\"wp-block-video\"><video height=\"320\" style=\"aspect-ratio: 568 \/ 320;\" width=\"568\" controls src=\"http:\/\/carlindia.com\/wp-content\/uploads\/2025\/08\/Video-1.mov\"><\/video><\/figure>\n\n\n\n<p><\/p>\n\n\n\n<p>Offrez-vous une parenth\u00e8se au c\u0153ur de la nature !<\/p>\n\n\n\n<p><a><\/a>Plongez dans une immersion unique parmi les animaux, au bord de l\u2019\u00e9tang, avec une vue imprenable sur les troupeaux de chevaux et les grandes prairies<img loading=\"lazy\" decoding=\"async\" height=\"16\" width=\"16\" alt=\"\ud83d\udc34\" src=\"https:\/\/static.xx.fbcdn.net\/images\/emoji.php\/v9\/t2d\/1\/16\/1f434.png\"><img loading=\"lazy\" decoding=\"async\" height=\"16\" width=\"16\" alt=\"\ud83c\udf3e\" src=\"https:\/\/static.xx.fbcdn.net\/images\/emoji.php\/v9\/t9d\/1\/16\/1f33e.png\"><\/p>\n\n\n\n<p>Sur votre chemin, laissez-vous surprendre par quelques biquettes espi\u00e8gles\u2026 et par Ninette, notre mascotte aux grandes oreilles <img loading=\"lazy\" decoding=\"async\" height=\"16\" width=\"16\" alt=\"\ud83e\udecf\" src=\"https:\/\/static.xx.fbcdn.net\/images\/emoji.php\/v9\/t9c\/1\/16\/1facf.png\"><img loading=\"lazy\" decoding=\"async\" height=\"16\" width=\"16\" alt=\"\ud83d\udc9b\" src=\"https:\/\/static.xx.fbcdn.net\/images\/emoji.php\/v9\/t15\/1\/16\/1f49b.png\"><\/p>\n\n\n\n<p>Au programme : activit\u00e9s de plein air, balades \u00e0 cheval ou en quad pour vivre l\u2019aventure autrement <img loading=\"lazy\" decoding=\"async\" height=\"16\" width=\"16\" alt=\"\ud83d\udeb4\u200d\u2640\ufe0f\" src=\"https:\/\/static.xx.fbcdn.net\/images\/emoji.php\/v9\/te\/1\/16\/1f6b4_200d_2640.png\"><img loading=\"lazy\" decoding=\"async\" height=\"16\" width=\"16\" alt=\"\ud83d\udc0e\" src=\"https:\/\/static.xx.fbcdn.net\/images\/emoji.php\/v9\/t1\/1\/16\/1f40e.png\"><\/p>\n\n\n\n<p>Puis, place \u00e0 la d\u00e9tente\u2026 D\u00e9gustez, soufflez, profitez dans notre \u00e9colodge Homnest, un petit nid douillet nich\u00e9 au Domaine Carlindia.<\/p>\n\n\n\n<p>Id\u00e9al pour une nuit en amoureux ou un moment entre amis. <img loading=\"lazy\" decoding=\"async\" height=\"16\" width=\"16\" alt=\"\ud83c\udf0c\" src=\"https:\/\/static.xx.fbcdn.net\/images\/emoji.php\/v9\/tbe\/1\/16\/1f30c.png\"><img loading=\"lazy\" decoding=\"async\" height=\"16\" width=\"16\" alt=\"\ud83c\udfe1\" src=\"https:\/\/static.xx.fbcdn.net\/images\/emoji.php\/v9\/t77\/1\/16\/1f3e1.png\"><\/p>\n\n\n\n<p><img loading=\"lazy\" decoding=\"async\" height=\"16\" width=\"16\" alt=\"\ud83d\udc49\" src=\"https:\/\/static.xx.fbcdn.net\/images\/emoji.php\/v9\/t51\/1\/16\/1f449.png\"> Les r\u00e9servations se font par ici :<\/p>\n\n\n\n<p><a href=\"https:\/\/www.airbnb.com\/l\/29aGyUgh\">https:\/\/www.airbnb.com\/l\/29aGyUgh<\/a><\/p>\n\n\n\n<figure class=\"wp-block-image size-full\"><img loading=\"lazy\" decoding=\"async\" width=\"720\" height=\"480\" src=\"https:\/\/carlindia.com\/wp-content\/uploads\/2025\/08\/542750277_122247569366034936_4751862558593646923_n-1.jpg\" alt=\"\" class=\"wp-image-858\" srcset=\"https:\/\/carlindia.com\/wp-content\/uploads\/2025\/08\/542750277_122247569366034936_4751862558593646923_n-1.jpg 720w, https:\/\/carlindia.com\/wp-content\/uploads\/2025\/08\/542750277_122247569366034936_4751862558593646923_n-1-300x200.jpg 300w\" sizes=\"auto, (max-width: 720px) 100vw, 720px\" \/><\/figure>\n\n\n\n<figure class=\"wp-block-image size-full\"><img loading=\"lazy\" decoding=\"async\" width=\"720\" height=\"480\" src=\"https:\/\/carlindia.com\/wp-content\/uploads\/2025\/08\/542751573_122247569576034936_6936871894203619214_n.jpg\" alt=\"\" class=\"wp-image-859\" srcset=\"https:\/\/carlindia.com\/wp-content\/uploads\/2025\/08\/542751573_122247569576034936_6936871894203619214_n.jpg 720w, https:\/\/carlindia.com\/wp-content\/uploads\/2025\/08\/542751573_122247569576034936_6936871894203619214_n-300x200.jpg 300w\" sizes=\"auto, (max-width: 720px) 100vw, 720px\" \/><\/figure>\n\n\n\n<figure class=\"wp-block-image size-full\"><img loading=\"lazy\" decoding=\"async\" width=\"720\" height=\"480\" src=\"https:\/\/carlindia.com\/wp-content\/uploads\/2025\/08\/542757074_122247570056034936_1276274498750137053_n.jpg\" alt=\"\" class=\"wp-image-860\" srcset=\"https:\/\/carlindia.com\/wp-content\/uploads\/2025\/08\/542757074_122247570056034936_1276274498750137053_n.jpg 720w, https:\/\/carlindia.com\/wp-content\/uploads\/2025\/08\/542757074_122247570056034936_1276274498750137053_n-300x200.jpg 300w\" sizes=\"auto, (max-width: 720px) 100vw, 720px\" \/><\/figure>\n","protected":false},"excerpt":{"rendered":"<p>Offrez-vous une parenth\u00e8se au c\u0153ur de la nature ! Plongez dans une immersion unique parmi les animaux, au bord de l\u2019\u00e9tang, avec une vue imprenable sur les troupeaux de chevaux et les grandes prairies Sur votre chemin, laissez-vous surprendre par quelques biquettes espi\u00e8gles\u2026 et par Ninette, notre mascotte aux grandes oreilles Au programme : activit\u00e9s &hellip; <\/p>\n<p class=\"link-more\"><a href=\"https:\/\/carlindia.com\/index.php\/gite-insolite\/\" class=\"more-link\">Continuer la lecture<span class=\"screen-reader-text\"> de &laquo;&nbsp;S\u00e9jour insolite&nbsp;&raquo;<\/span><\/a><\/p>\n","protected":false},"author":1,"featured_media":0,"parent":0,"menu_order":0,"comment_status":"closed","ping_status":"closed","template":"","meta":{"footnotes":""},"class_list":["post-594","page","type-page","status-publish","hentry"],"_links":{"self":[{"href":"https:\/\/carlindia.com\/index.php\/wp-json\/wp\/v2\/pages\/594","targetHints":{"allow":["GET"]}}],"collection":[{"href":"https:\/\/carlindia.com\/index.php\/wp-json\/wp\/v2\/pages"}],"about":[{"href":"https:\/\/carlindia.com\/index.php\/wp-json\/wp\/v2\/types\/page"}],"author":[{"embeddable":true,"href":"https:\/\/carlindia.com\/index.php\/wp-json\/wp\/v2\/users\/1"}],"replies":[{"embeddable":true,"href":"https:\/\/carlindia.com\/index.php\/wp-json\/wp\/v2\/comments?post=594"}],"version-history":[{"count":5,"href":"https:\/\/carlindia.com\/index.php\/wp-json\/wp\/v2\/pages\/594\/revisions"}],"predecessor-version":[{"id":861,"href":"https:\/\/carlindia.com\/index.php\/wp-json\/wp\/v2\/pages\/594\/revisions\/861"}],"wp:attachment":[{"href":"https:\/\/carlindia.com\/index.php\/wp-json\/wp\/v2\/media?parent=594"}],"curies":[{"name":"wp","href":"https:\/\/api.w.org\/{rel}","templated":true}]}}