{"id":588,"date":"2025-03-16T19:49:50","date_gmt":"2025-03-16T18:49:50","guid":{"rendered":"https:\/\/carlindia.com\/?page_id=588"},"modified":"2025-03-18T23:17:13","modified_gmt":"2025-03-18T22:17:13","slug":"location-ventre","status":"publish","type":"page","link":"https:\/\/carlindia.com\/index.php\/location-ventre\/","title":{"rendered":"Location ventre"},"content":{"rendered":"\n<p>Location de Ventre pour Jument : Profitez du Meilleur sans les Contraintes ! <\/p>\n\n\n\n<p>Optez pour la \u00ab\u00a0location de ventre\u00a0\u00bb de jument et laissez-nous g\u00e9rer la saillie, la gestation et le sevrage. Vous choisissez l&rsquo;\u00e9talon, nous nous occupons du reste !<\/p>\n\n\n\n<p> Suivez l&rsquo;\u00e9volution de votre poulain sans les contraintes du quotidien. \u00c0 l&rsquo;issue du sevrage, vous r\u00e9cup\u00e9rez un poulain en parfaite sant\u00e9, \u00e0 un prix \u00e9quivalent \u00e0 un achat classique, sans les soucis li\u00e9s \u00e0 la gestion de la reproduction. <\/p>\n\n\n\n<p>Contactez-nous pour en savoir plus et donner vie \u00e0 votre projet \u00e9questre !<\/p>\n\n\n\n<p><\/p>\n\n\n\n<p>MERES DISPONIBLES A VENIR<\/p>\n","protected":false},"excerpt":{"rendered":"<p>Location de Ventre pour Jument : Profitez du Meilleur sans les Contraintes ! Optez pour la \u00ab\u00a0location de ventre\u00a0\u00bb de jument et laissez-nous g\u00e9rer la saillie, la gestation et le sevrage. Vous choisissez l&rsquo;\u00e9talon, nous nous occupons du reste ! Suivez l&rsquo;\u00e9volution de votre poulain sans les contraintes du quotidien. \u00c0 l&rsquo;issue du sevrage, vous &hellip; <\/p>\n<p class=\"link-more\"><a href=\"https:\/\/carlindia.com\/index.php\/location-ventre\/\" class=\"more-link\">Continuer la lecture<span class=\"screen-reader-text\"> de &laquo;&nbsp;Location ventre&nbsp;&raquo;<\/span><\/a><\/p>\n","protected":false},"author":1,"featured_media":0,"parent":0,"menu_order":0,"comment_status":"closed","ping_status":"closed","template":"","meta":{"footnotes":""},"class_list":["post-588","page","type-page","status-publish","hentry"],"_links":{"self":[{"href":"https:\/\/carlindia.com\/index.php\/wp-json\/wp\/v2\/pages\/588","targetHints":{"allow":["GET"]}}],"collection":[{"href":"https:\/\/carlindia.com\/index.php\/wp-json\/wp\/v2\/pages"}],"about":[{"href":"https:\/\/carlindia.com\/index.php\/wp-json\/wp\/v2\/types\/page"}],"author":[{"embeddable":true,"href":"https:\/\/carlindia.com\/index.php\/wp-json\/wp\/v2\/users\/1"}],"replies":[{"embeddable":true,"href":"https:\/\/carlindia.com\/index.php\/wp-json\/wp\/v2\/comments?post=588"}],"version-history":[{"count":3,"href":"https:\/\/carlindia.com\/index.php\/wp-json\/wp\/v2\/pages\/588\/revisions"}],"predecessor-version":[{"id":824,"href":"https:\/\/carlindia.com\/index.php\/wp-json\/wp\/v2\/pages\/588\/revisions\/824"}],"wp:attachment":[{"href":"https:\/\/carlindia.com\/index.php\/wp-json\/wp\/v2\/media?parent=588"}],"curies":[{"name":"wp","href":"https:\/\/api.w.org\/{rel}","templated":true}]}}