{"id":584,"date":"2025-03-16T19:48:56","date_gmt":"2025-03-16T18:48:56","guid":{"rendered":"https:\/\/carlindia.com\/?page_id=584"},"modified":"2025-03-18T23:14:20","modified_gmt":"2025-03-18T22:14:20","slug":"vente","status":"publish","type":"page","link":"https:\/\/carlindia.com\/index.php\/vente\/","title":{"rendered":"Vente confiage"},"content":{"rendered":"\n<p>Pas de chevaux actuellement disponibles \u00e0 la vente ou confiage. <\/p>\n\n\n\n<p>N&rsquo;h\u00e9sitez pas \u00e0 nous contacter en cas de recherche.<\/p>\n","protected":false},"excerpt":{"rendered":"<p>Pas de chevaux actuellement disponibles \u00e0 la vente ou confiage. N&rsquo;h\u00e9sitez pas \u00e0 nous contacter en cas de recherche.<\/p>\n","protected":false},"author":1,"featured_media":0,"parent":0,"menu_order":0,"comment_status":"closed","ping_status":"closed","template":"","meta":{"footnotes":""},"class_list":["post-584","page","type-page","status-publish","hentry"],"_links":{"self":[{"href":"https:\/\/carlindia.com\/index.php\/wp-json\/wp\/v2\/pages\/584","targetHints":{"allow":["GET"]}}],"collection":[{"href":"https:\/\/carlindia.com\/index.php\/wp-json\/wp\/v2\/pages"}],"about":[{"href":"https:\/\/carlindia.com\/index.php\/wp-json\/wp\/v2\/types\/page"}],"author":[{"embeddable":true,"href":"https:\/\/carlindia.com\/index.php\/wp-json\/wp\/v2\/users\/1"}],"replies":[{"embeddable":true,"href":"https:\/\/carlindia.com\/index.php\/wp-json\/wp\/v2\/comments?post=584"}],"version-history":[{"count":3,"href":"https:\/\/carlindia.com\/index.php\/wp-json\/wp\/v2\/pages\/584\/revisions"}],"predecessor-version":[{"id":822,"href":"https:\/\/carlindia.com\/index.php\/wp-json\/wp\/v2\/pages\/584\/revisions\/822"}],"wp:attachment":[{"href":"https:\/\/carlindia.com\/index.php\/wp-json\/wp\/v2\/media?parent=584"}],"curies":[{"name":"wp","href":"https:\/\/api.w.org\/{rel}","templated":true}]}}