{"id":582,"date":"2025-03-16T19:48:44","date_gmt":"2025-03-16T18:48:44","guid":{"rendered":"https:\/\/carlindia.com\/?page_id=582"},"modified":"2025-03-18T23:17:59","modified_gmt":"2025-03-18T22:17:59","slug":"saillie","status":"publish","type":"page","link":"https:\/\/carlindia.com\/index.php\/saillie\/","title":{"rendered":"Saillies"},"content":{"rendered":"\n<p>SAILLIES ETALONS<\/p>\n\n\n\n<p>Nos \u00e9talons reproducteurs \u00ab chevaux \u00bb disponibles \u00e0 la saillie.<\/p>\n\n\n\n<p>Des mod\u00e8les s\u00e9rieux, am\u00e9liorateurs <img loading=\"lazy\" decoding=\"async\" height=\"16\" width=\"16\" src=\"https:\/\/static.xx.fbcdn.net\/images\/emoji.php\/v9\/tba\/1.5\/16\/2705.png\" alt=\"\u2705\"><\/p>\n\n\n\n<p>Des productions homog\u00e8nes sur tous types de juments <img loading=\"lazy\" decoding=\"async\" height=\"16\" width=\"16\" src=\"https:\/\/static.xx.fbcdn.net\/images\/emoji.php\/v9\/tba\/1.5\/16\/2705.png\" alt=\"\u2705\"><\/p>\n\n\n\n<p>Des mentaux \u00e0 toutes \u00e9preuves <img loading=\"lazy\" decoding=\"async\" height=\"16\" width=\"16\" alt=\"\u2705\" src=\"https:\/\/static.xx.fbcdn.net\/images\/emoji.php\/v9\/tba\/1.5\/16\/2705.png\"><\/p>\n\n\n\n<p>Des s\u00e9lections de croisements <img loading=\"lazy\" decoding=\"async\" height=\"16\" width=\"16\" alt=\"\u2705\" src=\"https:\/\/static.xx.fbcdn.net\/images\/emoji.php\/v9\/tba\/1.5\/16\/2705.png\"><\/p>\n\n\n\n<p>Des conditions de saillie et d\u2019accueil commodes <img loading=\"lazy\" decoding=\"async\" height=\"16\" width=\"16\" alt=\"\u2705\" src=\"https:\/\/static.xx.fbcdn.net\/images\/emoji.php\/v9\/tba\/1.5\/16\/2705.png\"><\/p>\n\n\n\n<p>Pour des poulains sains et bien conform\u00e9s, OC minimum, de loisirs, de selle.. ou de sport qui sait ?<\/p>\n\n\n\n<ul class=\"wp-block-list\">\n<li>EMPERADOR<\/li>\n\n\n\n<li>EASTON DE LA VIVA<\/li>\n\n\n\n<li>LACOSTE EAS DE LA VIVA<\/li>\n\n\n\n<li>KLM SEA WIND OF SW<\/li>\n\n\n\n<li>SPARKLING MH JACKSON<\/li>\n\n\n\n<li>HAWAI<\/li>\n<\/ul>\n\n\n\n<p>R\u00c9SERVATIONS OUVERTES<\/p>\n\n\n\n<p>Photos, vid\u00e9os, productions, informations suppl\u00e9mentaires, conditions et contrats disponibles<\/p>\n\n\n<div id=\"metaslider-id-240\" style=\"width: 100%;\" class=\"ml-slider-3-62-0 metaslider metaslider-flex metaslider-240 ml-slider ms-theme-default nav-hidden\" role=\"region\" aria-roledescription=\"Slideshow\" aria-label=\"Nouveau diaporama\">\n    <div id=\"metaslider_container_240\">\n        <div id=\"metaslider_240\">\n            <ul aria-live=\"polite\" class=\"slides\">\n                <li style=\"display: block; width: 100%;\" class=\"slide-241 ms-image \" aria-roledescription=\"slide\" aria-label=\"slide-241\"><img loading=\"lazy\" decoding=\"async\" width=\"960\" height=\"640\" src=\"https:\/\/carlindia.com\/wp-content\/uploads\/2024\/03\/35724600_1575141902591770_1473907938467774464_n-1.jpg\" class=\"slider-240 slide-241\" alt=\"\" rel=\"\" title=\"35724600_1575141902591770_1473907938467774464_n-1\" srcset=\"https:\/\/carlindia.com\/wp-content\/uploads\/2024\/03\/35724600_1575141902591770_1473907938467774464_n-1.jpg 960w, https:\/\/carlindia.com\/wp-content\/uploads\/2024\/03\/35724600_1575141902591770_1473907938467774464_n-1-300x200.jpg 300w, https:\/\/carlindia.com\/wp-content\/uploads\/2024\/03\/35724600_1575141902591770_1473907938467774464_n-1-768x512.jpg 768w\" sizes=\"auto, 100vw\" \/><\/li>\n                <li style=\"display: none; width: 100%;\" class=\"slide-243 ms-image \" aria-roledescription=\"slide\" aria-label=\"slide-243\"><img loading=\"lazy\" decoding=\"async\" width=\"720\" height=\"960\" src=\"https:\/\/carlindia.com\/wp-content\/uploads\/2024\/03\/e40c670c-171e-4e07-865f-95b3d1de4e37.jpg\" class=\"slider-240 slide-243\" alt=\"\" rel=\"\" title=\"e40c670c-171e-4e07-865f-95b3d1de4e37\" srcset=\"https:\/\/carlindia.com\/wp-content\/uploads\/2024\/03\/e40c670c-171e-4e07-865f-95b3d1de4e37.jpg 720w, https:\/\/carlindia.com\/wp-content\/uploads\/2024\/03\/e40c670c-171e-4e07-865f-95b3d1de4e37-225x300.jpg 225w\" sizes=\"auto, 100vw\" \/><\/li>\n                <li style=\"display: none; width: 100%;\" class=\"slide-246 ms-image \" aria-roledescription=\"slide\" aria-label=\"slide-246\"><img loading=\"lazy\" decoding=\"async\" width=\"960\" height=\"640\" src=\"https:\/\/carlindia.com\/wp-content\/uploads\/2024\/03\/239946627_3991870377585565_8332476701557697437_n.jpg\" class=\"slider-240 slide-246\" alt=\"\" rel=\"\" title=\"239946627_3991870377585565_8332476701557697437_n\" srcset=\"https:\/\/carlindia.com\/wp-content\/uploads\/2024\/03\/239946627_3991870377585565_8332476701557697437_n.jpg 960w, https:\/\/carlindia.com\/wp-content\/uploads\/2024\/03\/239946627_3991870377585565_8332476701557697437_n-300x200.jpg 300w, https:\/\/carlindia.com\/wp-content\/uploads\/2024\/03\/239946627_3991870377585565_8332476701557697437_n-768x512.jpg 768w\" sizes=\"auto, 100vw\" \/><\/li>\n            <\/ul>\n        <\/div>\n        \n    <\/div>\n<\/div>\n\n\n\n<p><\/p>\n\n\n\n<p>FORMULAIRE RENSEIGNEMENTS ETALONS\/SAILLIES <\/p>\n\n\n\n<div class=\"wpcf7 no-js\" id=\"wpcf7-f483-o1\" lang=\"fr-FR\" dir=\"ltr\">\n<div class=\"screen-reader-response\"><p role=\"status\" aria-live=\"polite\" aria-atomic=\"true\"><\/p> <ul><\/ul><\/div>\n<form action=\"\/index.php\/wp-json\/wp\/v2\/pages\/582#wpcf7-f483-o1\" method=\"post\" class=\"wpcf7-form init\" aria-label=\"Formulaire de contact\" novalidate=\"novalidate\" data-status=\"init\">\n<div style=\"display: none;\">\n<input type=\"hidden\" name=\"_wpcf7\" value=\"483\" \/>\n<input type=\"hidden\" name=\"_wpcf7_version\" value=\"5.9.3\" \/>\n<input type=\"hidden\" name=\"_wpcf7_locale\" value=\"fr_FR\" \/>\n<input type=\"hidden\" name=\"_wpcf7_unit_tag\" value=\"wpcf7-f483-o1\" \/>\n<input type=\"hidden\" name=\"_wpcf7_container_post\" value=\"0\" \/>\n<input type=\"hidden\" name=\"_wpcf7_posted_data_hash\" value=\"\" \/>\n<\/div>\n<p><label> Votre nom et pr\u00e9nom<br \/>\n<span class=\"wpcf7-form-control-wrap\" data-name=\"your-name\"><input size=\"40\" class=\"wpcf7-form-control wpcf7-text wpcf7-validates-as-required\" autocomplete=\"name\" aria-required=\"true\" aria-invalid=\"false\" value=\"\" type=\"text\" name=\"your-name\" \/><\/span> <\/label>\n<\/p>\n<p><label> Votre t\u00e9l\u00e9phone<br \/>\n<span class=\"wpcf7-form-control-wrap\" data-name=\"text-96\"><input size=\"40\" class=\"wpcf7-form-control wpcf7-text\" aria-invalid=\"false\" value=\"\" type=\"text\" name=\"text-96\" \/><\/span><br \/>\n<label> Votre e-mail<br \/>\n<span class=\"wpcf7-form-control-wrap\" data-name=\"your-email\"><input size=\"40\" class=\"wpcf7-form-control wpcf7-email wpcf7-validates-as-required wpcf7-text wpcf7-validates-as-email\" autocomplete=\"email\" aria-required=\"true\" aria-invalid=\"false\" value=\"\" type=\"email\" name=\"your-email\" \/><\/span> <\/label><br \/>\n<label> Localisation<br \/>\n<span class=\"wpcf7-form-control-wrap\" data-name=\"text-96\"><input size=\"40\" class=\"wpcf7-form-control wpcf7-text\" aria-invalid=\"false\" value=\"\" type=\"text\" name=\"text-96\" \/><\/span><br \/>\n<label> Etalon(s) retenu(s)<br \/>\n<span class=\"wpcf7-form-control-wrap\" data-name=\"menu-39\"><select class=\"wpcf7-form-control wpcf7-select\" aria-invalid=\"false\" multiple=\"multiple\" name=\"menu-39[]\"><option value=\"Emperador\">Emperador<\/option><option value=\"Easton de la Viva\">Easton de la Viva<\/option><option value=\"Bronco de Bairon\">Bronco de Bairon<\/option><option value=\"Klm Sea Wind of Sw\">Klm Sea Wind of Sw<\/option><option value=\"Sparkling MH Jackson\">Sparkling MH Jackson<\/option><option value=\"Kandy du Saulcy\">Kandy du Saulcy<\/option><option value=\"Hawai\">Hawai<\/option><\/select><\/span><br \/>\n<label> Nom Age Race Taille de la jument<br \/>\n<span class=\"wpcf7-form-control-wrap\" data-name=\"textarea-566\"><textarea cols=\"40\" rows=\"10\" class=\"wpcf7-form-control wpcf7-textarea\" aria-invalid=\"false\" name=\"textarea-566\"><\/textarea><\/span><br \/>\n<label> P\u00e9riode de saillie souhait\u00e9e<br \/>\n<span class=\"wpcf7-form-control-wrap\" data-name=\"text-96\"><input size=\"40\" class=\"wpcf7-form-control wpcf7-text\" aria-invalid=\"false\" value=\"\" type=\"text\" name=\"text-96\" \/><\/span><br \/>\n<label> Votre message (facultatif)<br \/>\n<span class=\"wpcf7-form-control-wrap\" data-name=\"your-message\"><textarea cols=\"40\" rows=\"10\" class=\"wpcf7-form-control wpcf7-textarea\" aria-invalid=\"false\" name=\"your-message\"><\/textarea><\/span> <\/label><br \/>\n<input class=\"wpcf7-form-control wpcf7-submit has-spinner\" type=\"submit\" value=\"Envoyer\" \/><\/label><\/label><\/label><\/label><\/label>\n<\/p><div class=\"wpcf7-response-output\" aria-hidden=\"true\"><\/div>\n<\/form>\n<\/div>\n\n","protected":false},"excerpt":{"rendered":"<p>SAILLIES ETALONS Nos \u00e9talons reproducteurs \u00ab chevaux \u00bb disponibles \u00e0 la saillie. Des mod\u00e8les s\u00e9rieux, am\u00e9liorateurs Des productions homog\u00e8nes sur tous types de juments Des mentaux \u00e0 toutes \u00e9preuves Des s\u00e9lections de croisements Des conditions de saillie et d\u2019accueil commodes Pour des poulains sains et bien conform\u00e9s, OC minimum, de loisirs, de selle.. ou de &hellip; <\/p>\n<p class=\"link-more\"><a href=\"https:\/\/carlindia.com\/index.php\/saillie\/\" class=\"more-link\">Continuer la lecture<span class=\"screen-reader-text\"> de &laquo;&nbsp;Saillies&nbsp;&raquo;<\/span><\/a><\/p>\n","protected":false},"author":1,"featured_media":0,"parent":0,"menu_order":0,"comment_status":"closed","ping_status":"closed","template":"","meta":{"footnotes":""},"class_list":["post-582","page","type-page","status-publish","hentry"],"_links":{"self":[{"href":"https:\/\/carlindia.com\/index.php\/wp-json\/wp\/v2\/pages\/582","targetHints":{"allow":["GET"]}}],"collection":[{"href":"https:\/\/carlindia.com\/index.php\/wp-json\/wp\/v2\/pages"}],"about":[{"href":"https:\/\/carlindia.com\/index.php\/wp-json\/wp\/v2\/types\/page"}],"author":[{"embeddable":true,"href":"https:\/\/carlindia.com\/index.php\/wp-json\/wp\/v2\/users\/1"}],"replies":[{"embeddable":true,"href":"https:\/\/carlindia.com\/index.php\/wp-json\/wp\/v2\/comments?post=582"}],"version-history":[{"count":4,"href":"https:\/\/carlindia.com\/index.php\/wp-json\/wp\/v2\/pages\/582\/revisions"}],"predecessor-version":[{"id":825,"href":"https:\/\/carlindia.com\/index.php\/wp-json\/wp\/v2\/pages\/582\/revisions\/825"}],"wp:attachment":[{"href":"https:\/\/carlindia.com\/index.php\/wp-json\/wp\/v2\/media?parent=582"}],"curies":[{"name":"wp","href":"https:\/\/api.w.org\/{rel}","templated":true}]}}