{"id":571,"date":"2025-03-16T19:43:15","date_gmt":"2025-03-16T18:43:15","guid":{"rendered":"https:\/\/carlindia.com\/?page_id=571"},"modified":"2025-03-18T23:13:22","modified_gmt":"2025-03-18T22:13:22","slug":"autre","status":"publish","type":"page","link":"https:\/\/carlindia.com\/index.php\/autre\/","title":{"rendered":"Autres animaux"},"content":{"rendered":"\n<p>Pension pour Animaux de Ferme : S\u00e9curit\u00e9 et Confort Assur\u00e9s <\/p>\n\n\n\n<p>Nous proposons une pension pour bovins, ovins et caprins, avec surveillance quotidienne et s\u00e9curit\u00e9 optimale. <\/p>\n\n\n\n<p>Chaque demande est \u00e9tudi\u00e9e sur mesure pour r\u00e9pondre \u00e0 vos besoins. Contactez-nous pour plus d&rsquo;informations !<\/p>\n","protected":false},"excerpt":{"rendered":"<p>Pension pour Animaux de Ferme : S\u00e9curit\u00e9 et Confort Assur\u00e9s Nous proposons une pension pour bovins, ovins et caprins, avec surveillance quotidienne et s\u00e9curit\u00e9 optimale. Chaque demande est \u00e9tudi\u00e9e sur mesure pour r\u00e9pondre \u00e0 vos besoins. Contactez-nous pour plus d&rsquo;informations !<\/p>\n","protected":false},"author":1,"featured_media":0,"parent":0,"menu_order":0,"comment_status":"closed","ping_status":"closed","template":"","meta":{"footnotes":""},"class_list":["post-571","page","type-page","status-publish","hentry"],"_links":{"self":[{"href":"https:\/\/carlindia.com\/index.php\/wp-json\/wp\/v2\/pages\/571","targetHints":{"allow":["GET"]}}],"collection":[{"href":"https:\/\/carlindia.com\/index.php\/wp-json\/wp\/v2\/pages"}],"about":[{"href":"https:\/\/carlindia.com\/index.php\/wp-json\/wp\/v2\/types\/page"}],"author":[{"embeddable":true,"href":"https:\/\/carlindia.com\/index.php\/wp-json\/wp\/v2\/users\/1"}],"replies":[{"embeddable":true,"href":"https:\/\/carlindia.com\/index.php\/wp-json\/wp\/v2\/comments?post=571"}],"version-history":[{"count":3,"href":"https:\/\/carlindia.com\/index.php\/wp-json\/wp\/v2\/pages\/571\/revisions"}],"predecessor-version":[{"id":821,"href":"https:\/\/carlindia.com\/index.php\/wp-json\/wp\/v2\/pages\/571\/revisions\/821"}],"wp:attachment":[{"href":"https:\/\/carlindia.com\/index.php\/wp-json\/wp\/v2\/media?parent=571"}],"curies":[{"name":"wp","href":"https:\/\/api.w.org\/{rel}","templated":true}]}}