{"id":569,"date":"2025-03-16T19:42:57","date_gmt":"2025-03-16T18:42:57","guid":{"rendered":"https:\/\/carlindia.com\/?page_id=569"},"modified":"2025-03-18T22:57:55","modified_gmt":"2025-03-18T21:57:55","slug":"canine","status":"publish","type":"page","link":"https:\/\/carlindia.com\/index.php\/canine\/","title":{"rendered":"Petsitting"},"content":{"rendered":"\n<p><img loading=\"lazy\" decoding=\"async\" height=\"16\" width=\"16\" alt=\"\ud83e\uddae\" src=\"https:\/\/static.xx.fbcdn.net\/images\/emoji.php\/v9\/tb5\/1\/16\/1f9ae.png\"> PETSITTING \u2022 GARDIENNAGE ANIMALIER <img loading=\"lazy\" decoding=\"async\" height=\"16\" width=\"16\" alt=\"\ud83d\udc08\" src=\"https:\/\/static.xx.fbcdn.net\/images\/emoji.php\/v9\/t54\/1\/16\/1f408.png\"><\/p>\n\n\n\n<p>En plus de nos pensions pour \u00e9quid\u00e9s (chevaux, \u00e2nes, poneys), nous offrons d\u00e9sormais un service de gardiennage et petsitting pour vos animaux de compagnie ! <img loading=\"lazy\" decoding=\"async\" height=\"16\" width=\"16\" alt=\"\ud83d\udc3e\" src=\"https:\/\/static.xx.fbcdn.net\/images\/emoji.php\/v9\/tde\/1\/16\/1f43e.png\"><\/p>\n\n\n\n<p>Que ce soit de mani\u00e8re occasionnelle ou r\u00e9guli\u00e8re, nous accueillons chiens (convenablement sociables avec les humains et les autres animaux), chats, lapins, et m\u00eame ch\u00e8vres <img loading=\"lazy\" decoding=\"async\" height=\"16\" width=\"16\" alt=\"\ud83d\udc31\" src=\"https:\/\/static.xx.fbcdn.net\/images\/emoji.php\/v9\/taa\/1\/16\/1f431.png\"><img loading=\"lazy\" decoding=\"async\" height=\"16\" width=\"16\" alt=\"\ud83d\udc30\" src=\"https:\/\/static.xx.fbcdn.net\/images\/emoji.php\/v9\/t29\/1\/16\/1f430.png\"><img loading=\"lazy\" decoding=\"async\" height=\"16\" width=\"16\" alt=\"\ud83d\udc10\" src=\"https:\/\/static.xx.fbcdn.net\/images\/emoji.php\/v9\/teb\/1\/16\/1f410.png\"><\/p>\n\n\n\n<p><img loading=\"lazy\" decoding=\"async\" height=\"16\" width=\"16\" alt=\"\u2728\" src=\"https:\/\/static.xx.fbcdn.net\/images\/emoji.php\/v9\/tf4\/1\/16\/2728.png\"> Ce <a><\/a>qui est inclus pour les chiens :<\/p>\n\n\n\n<p><img loading=\"lazy\" decoding=\"async\" height=\"16\" width=\"16\" alt=\"\u2705\" src=\"https:\/\/static.xx.fbcdn.net\/images\/emoji.php\/v9\/t33\/1\/16\/2705.png\"> Balades journali\u00e8res au c\u0153ur du domaine <img loading=\"lazy\" decoding=\"async\" height=\"16\" width=\"16\" alt=\"\ud83c\udf33\" src=\"https:\/\/static.xx.fbcdn.net\/images\/emoji.php\/v9\/t6b\/1\/16\/1f333.png\"><\/p>\n\n\n\n<p><img loading=\"lazy\" decoding=\"async\" height=\"16\" width=\"16\" alt=\"\u2705\" src=\"https:\/\/static.xx.fbcdn.net\/images\/emoji.php\/v9\/t33\/1\/16\/2705.png\"> Nouvelles r\u00e9guli\u00e8res pour vous rassurer <img loading=\"lazy\" decoding=\"async\" height=\"16\" width=\"16\" alt=\"\ud83d\udcf2\" src=\"https:\/\/static.xx.fbcdn.net\/images\/emoji.php\/v9\/td8\/1\/16\/1f4f2.png\"><\/p>\n\n\n\n<p><img loading=\"lazy\" decoding=\"async\" height=\"16\" width=\"16\" alt=\"\u2705\" src=\"https:\/\/static.xx.fbcdn.net\/images\/emoji.php\/v9\/t33\/1\/16\/2705.png\"> Possibilit\u00e9 de soins sp\u00e9cifiques (shiatsu\/phytoth\u00e9rapie) durant le s\u00e9jour <img loading=\"lazy\" decoding=\"async\" height=\"16\" width=\"16\" alt=\"\u2618\ufe0f\" src=\"https:\/\/static.xx.fbcdn.net\/images\/emoji.php\/v9\/t14\/1\/16\/2618.png\"><\/p>\n\n\n\n<p><a href=\"https:\/\/www.facebook.com\/profile.php?id=100077211203953&amp;__cft__[0]=AZW95uz3T3DUpJHD4MWGqxoeQRi6hLjSYy0Udlwzxgu91QGAzK6_9lC9rkXJ2eOGljs1_sAmyZFu5Iin6uV8SfpHsw7WG8z5cjJgfvGimOhPlh1rresjsgfOqx_M22pkjmjdmzy7s-O2IkxfocCibU1tRMeUrr9W72kYNPJH6irSU2NkgJXLB6jv5SqWnM5dxgRbTjOzVo1RZr6fpLWlSddC&amp;__tn__=-]K-R\">Carlindia MultiSoins<\/a> peut \u00e9galement se d\u00e9placer \u00e0 domicile selon les demandes pour gardiennage, promenades, soins<\/p>\n\n\n\n<p><img loading=\"lazy\" decoding=\"async\" height=\"16\" width=\"16\" alt=\"\ud83d\udcde\" src=\"https:\/\/static.xx.fbcdn.net\/images\/emoji.php\/v9\/t4d\/1\/16\/1f4de.png\"> Contactez-nous pour plus de d\u00e9tails !<\/p>\n\n\n\n<div class=\"wp-block-group is-layout-grid wp-container-core-group-is-layout-9649a0d9 wp-block-group-is-layout-grid\">\n<div class=\"wp-block-columns is-layout-flex wp-container-core-columns-is-layout-9d6595d7 wp-block-columns-is-layout-flex\">\n<div class=\"wp-block-column is-layout-flow wp-block-column-is-layout-flow\" style=\"flex-basis:100%\">\n<figure class=\"wp-block-image size-large\"><img loading=\"lazy\" decoding=\"async\" width=\"768\" height=\"1024\" src=\"https:\/\/carlindia.com\/wp-content\/uploads\/2025\/03\/483238392_638254118816998_3473448704217543182_n-768x1024.jpg\" alt=\"\" class=\"wp-image-818\" srcset=\"https:\/\/carlindia.com\/wp-content\/uploads\/2025\/03\/483238392_638254118816998_3473448704217543182_n-768x1024.jpg 768w, https:\/\/carlindia.com\/wp-content\/uploads\/2025\/03\/483238392_638254118816998_3473448704217543182_n-225x300.jpg 225w, https:\/\/carlindia.com\/wp-content\/uploads\/2025\/03\/483238392_638254118816998_3473448704217543182_n-1152x1536.jpg 1152w, https:\/\/carlindia.com\/wp-content\/uploads\/2025\/03\/483238392_638254118816998_3473448704217543182_n.jpg 1536w\" sizes=\"auto, (max-width: 706px) 89vw, (max-width: 767px) 82vw, 740px\" \/><\/figure>\n<\/div>\n<\/div>\n<\/div>\n\n\n\n<p><\/p>\n","protected":false},"excerpt":{"rendered":"<p>PETSITTING \u2022 GARDIENNAGE ANIMALIER En plus de nos pensions pour \u00e9quid\u00e9s (chevaux, \u00e2nes, poneys), nous offrons d\u00e9sormais un service de gardiennage et petsitting pour vos animaux de compagnie ! Que ce soit de mani\u00e8re occasionnelle ou r\u00e9guli\u00e8re, nous accueillons chiens (convenablement sociables avec les humains et les autres animaux), chats, lapins, et m\u00eame ch\u00e8vres Ce &hellip; <\/p>\n<p class=\"link-more\"><a href=\"https:\/\/carlindia.com\/index.php\/canine\/\" class=\"more-link\">Continuer la lecture<span class=\"screen-reader-text\"> de &laquo;&nbsp;Petsitting&nbsp;&raquo;<\/span><\/a><\/p>\n","protected":false},"author":1,"featured_media":0,"parent":0,"menu_order":0,"comment_status":"closed","ping_status":"closed","template":"","meta":{"footnotes":""},"class_list":["post-569","page","type-page","status-publish","hentry"],"_links":{"self":[{"href":"https:\/\/carlindia.com\/index.php\/wp-json\/wp\/v2\/pages\/569","targetHints":{"allow":["GET"]}}],"collection":[{"href":"https:\/\/carlindia.com\/index.php\/wp-json\/wp\/v2\/pages"}],"about":[{"href":"https:\/\/carlindia.com\/index.php\/wp-json\/wp\/v2\/types\/page"}],"author":[{"embeddable":true,"href":"https:\/\/carlindia.com\/index.php\/wp-json\/wp\/v2\/users\/1"}],"replies":[{"embeddable":true,"href":"https:\/\/carlindia.com\/index.php\/wp-json\/wp\/v2\/comments?post=569"}],"version-history":[{"count":4,"href":"https:\/\/carlindia.com\/index.php\/wp-json\/wp\/v2\/pages\/569\/revisions"}],"predecessor-version":[{"id":820,"href":"https:\/\/carlindia.com\/index.php\/wp-json\/wp\/v2\/pages\/569\/revisions\/820"}],"wp:attachment":[{"href":"https:\/\/carlindia.com\/index.php\/wp-json\/wp\/v2\/media?parent=569"}],"curies":[{"name":"wp","href":"https:\/\/api.w.org\/{rel}","templated":true}]}}