{"id":561,"date":"2025-03-16T19:40:41","date_gmt":"2025-03-16T18:40:41","guid":{"rendered":"https:\/\/carlindia.com\/?page_id=561"},"modified":"2025-03-16T20:19:31","modified_gmt":"2025-03-16T19:19:31","slug":"pension-soin","status":"publish","type":"page","link":"https:\/\/carlindia.com\/index.php\/pension-soin\/","title":{"rendered":"Pension Soin"},"content":{"rendered":"\n<p>JOURNEE SOINS  <\/p>\n\n\n\n<div class=\"wp-block-media-text has-media-on-the-right is-stacked-on-mobile\"><div class=\"wp-block-media-text__content\">\n<p>Une journ\u00e9e soins d\u00e9di\u00e9e votre pr\u00e9cieux compagnon \u00e0 sabots ou \u00e0 griffes.<\/p>\n\n\n\n<p>Offrez lui la chance de b\u00e9n\u00e9ficier d\u2019un moment de d\u00e9tente gr\u00e2ce \u00e0 la synergie de m\u00e9decines douces au sein de nos paysages verdoyants et de nos installations modernes.<\/p>\n<\/div><figure class=\"wp-block-media-text__media\"><img loading=\"lazy\" decoding=\"async\" width=\"819\" height=\"1024\" src=\"https:\/\/carlindia.com\/wp-content\/uploads\/2024\/03\/433684675_17869461468081637_8412844023916864678_n-819x1024.jpg\" alt=\"\" class=\"wp-image-260 size-full\" srcset=\"https:\/\/carlindia.com\/wp-content\/uploads\/2024\/03\/433684675_17869461468081637_8412844023916864678_n-819x1024.jpg 819w, https:\/\/carlindia.com\/wp-content\/uploads\/2024\/03\/433684675_17869461468081637_8412844023916864678_n-240x300.jpg 240w, https:\/\/carlindia.com\/wp-content\/uploads\/2024\/03\/433684675_17869461468081637_8412844023916864678_n-768x960.jpg 768w, https:\/\/carlindia.com\/wp-content\/uploads\/2024\/03\/433684675_17869461468081637_8412844023916864678_n-1229x1536.jpg 1229w, https:\/\/carlindia.com\/wp-content\/uploads\/2024\/03\/433684675_17869461468081637_8412844023916864678_n.jpg 1440w\" sizes=\"auto, (max-width: 706px) 89vw, (max-width: 767px) 82vw, 740px\" \/><\/figure><\/div>\n\n\n\n<p><\/p>\n\n\n\n<p>FORMULAIRE RESERVATION SOINS<\/p>\n\n\n\n<div class=\"wpcf7 no-js\" id=\"wpcf7-f479-o1\" lang=\"fr-FR\" dir=\"ltr\">\n<div class=\"screen-reader-response\"><p role=\"status\" aria-live=\"polite\" aria-atomic=\"true\"><\/p> <ul><\/ul><\/div>\n<form action=\"\/index.php\/wp-json\/wp\/v2\/pages\/561#wpcf7-f479-o1\" method=\"post\" class=\"wpcf7-form init\" aria-label=\"Formulaire de contact\" novalidate=\"novalidate\" data-status=\"init\">\n<div style=\"display: none;\">\n<input type=\"hidden\" name=\"_wpcf7\" value=\"479\" \/>\n<input type=\"hidden\" name=\"_wpcf7_version\" value=\"5.9.3\" \/>\n<input type=\"hidden\" name=\"_wpcf7_locale\" value=\"fr_FR\" \/>\n<input type=\"hidden\" name=\"_wpcf7_unit_tag\" value=\"wpcf7-f479-o1\" \/>\n<input type=\"hidden\" name=\"_wpcf7_container_post\" value=\"0\" \/>\n<input type=\"hidden\" name=\"_wpcf7_posted_data_hash\" value=\"\" \/>\n<\/div>\n<p><label> Votre nom et pr\u00e9nom<br \/>\n<span class=\"wpcf7-form-control-wrap\" data-name=\"your-name\"><input size=\"40\" class=\"wpcf7-form-control wpcf7-text wpcf7-validates-as-required\" autocomplete=\"name\" aria-required=\"true\" aria-invalid=\"false\" value=\"\" type=\"text\" name=\"your-name\" \/><\/span> <\/label>\n<\/p>\n<p><label> Votre t\u00e9l\u00e9phone<br \/>\n<span class=\"wpcf7-form-control-wrap\" data-name=\"text-616\"><input size=\"40\" class=\"wpcf7-form-control wpcf7-text\" aria-invalid=\"false\" value=\"\" type=\"text\" name=\"text-616\" \/><\/span><br \/>\n<label> Votre e-mail<br \/>\n<span class=\"wpcf7-form-control-wrap\" data-name=\"your-email\"><input size=\"40\" class=\"wpcf7-form-control wpcf7-email wpcf7-validates-as-required wpcf7-text wpcf7-validates-as-email\" autocomplete=\"email\" aria-required=\"true\" aria-invalid=\"false\" value=\"\" type=\"email\" name=\"your-email\" \/><\/span> <\/label><br \/>\n<label> Esp\u00e8ce<br \/>\n<span class=\"wpcf7-form-control-wrap\" data-name=\"menu-445\"><select class=\"wpcf7-form-control wpcf7-select\" aria-invalid=\"false\" multiple=\"multiple\" name=\"menu-445[]\"><option value=\"Humain\">Humain<\/option><option value=\"Equid\u00e9\">Equid\u00e9<\/option><option value=\"Chien\/chat\">Chien\/chat<\/option><option value=\"Caprin\">Caprin<\/option><option value=\"Bovin\">Bovin<\/option><option value=\"Nacs\">Nacs<\/option><\/select><\/span><br \/>\n<label> Soin(s) souhait\u00e9(s)<br \/>\n<span class=\"wpcf7-form-control-wrap\" data-name=\"menu-445\"><select class=\"wpcf7-form-control wpcf7-select\" aria-invalid=\"false\" multiple=\"multiple\" name=\"menu-445[]\"><option value=\"Shiatsu\">Shiatsu<\/option><option value=\"Reiki\">Reiki<\/option><option value=\"Lahoci\">Lahoci<\/option><option value=\"Algoth\u00e9rapie\/phytoth\u00e9rapie\">Algoth\u00e9rapie\/phytoth\u00e9rapie<\/option><\/select><\/span><br \/>\n<label> Service demand\u00e9<br \/>\n<span class=\"wpcf7-form-control-wrap\" data-name=\"menu-445\"><select class=\"wpcf7-form-control wpcf7-select\" aria-invalid=\"false\" multiple=\"multiple\" name=\"menu-445[]\"><option value=\"A domicile\">A domicile<\/option><option value=\"Au domaine\">Au domaine<\/option><option value=\"A distance\">A distance<\/option><\/select><\/span><br \/>\n<label> Date souhait\u00e9e<br \/>\n<span class=\"wpcf7-form-control-wrap\" data-name=\"text-616\"><input size=\"40\" class=\"wpcf7-form-control wpcf7-text\" aria-invalid=\"false\" value=\"\" type=\"text\" name=\"text-616\" \/><\/span><br \/>\n<label> Localisation<br \/>\n<span class=\"wpcf7-form-control-wrap\" data-name=\"text-616\"><input size=\"40\" class=\"wpcf7-form-control wpcf7-text\" aria-invalid=\"false\" value=\"\" type=\"text\" name=\"text-616\" \/><\/span><br \/>\n<label> Votre message (facultatif)<br \/>\n<span class=\"wpcf7-form-control-wrap\" data-name=\"your-message\"><textarea cols=\"40\" rows=\"10\" class=\"wpcf7-form-control wpcf7-textarea\" aria-invalid=\"false\" name=\"your-message\"><\/textarea><\/span> <\/label><br \/>\n<input class=\"wpcf7-form-control wpcf7-submit has-spinner\" type=\"submit\" value=\"Envoyer\" \/><\/label><\/label><\/label><\/label><\/label><\/label>\n<\/p><div class=\"wpcf7-response-output\" aria-hidden=\"true\"><\/div>\n<\/form>\n<\/div>\n\n","protected":false},"excerpt":{"rendered":"<p>JOURNEE SOINS Une journ\u00e9e soins d\u00e9di\u00e9e votre pr\u00e9cieux compagnon \u00e0 sabots ou \u00e0 griffes. Offrez lui la chance de b\u00e9n\u00e9ficier d\u2019un moment de d\u00e9tente gr\u00e2ce \u00e0 la synergie de m\u00e9decines douces au sein de nos paysages verdoyants et de nos installations modernes. FORMULAIRE RESERVATION SOINS<\/p>\n","protected":false},"author":1,"featured_media":0,"parent":0,"menu_order":0,"comment_status":"closed","ping_status":"closed","template":"","meta":{"footnotes":""},"class_list":["post-561","page","type-page","status-publish","hentry"],"_links":{"self":[{"href":"https:\/\/carlindia.com\/index.php\/wp-json\/wp\/v2\/pages\/561","targetHints":{"allow":["GET"]}}],"collection":[{"href":"https:\/\/carlindia.com\/index.php\/wp-json\/wp\/v2\/pages"}],"about":[{"href":"https:\/\/carlindia.com\/index.php\/wp-json\/wp\/v2\/types\/page"}],"author":[{"embeddable":true,"href":"https:\/\/carlindia.com\/index.php\/wp-json\/wp\/v2\/users\/1"}],"replies":[{"embeddable":true,"href":"https:\/\/carlindia.com\/index.php\/wp-json\/wp\/v2\/comments?post=561"}],"version-history":[{"count":3,"href":"https:\/\/carlindia.com\/index.php\/wp-json\/wp\/v2\/pages\/561\/revisions"}],"predecessor-version":[{"id":638,"href":"https:\/\/carlindia.com\/index.php\/wp-json\/wp\/v2\/pages\/561\/revisions\/638"}],"wp:attachment":[{"href":"https:\/\/carlindia.com\/index.php\/wp-json\/wp\/v2\/media?parent=561"}],"curies":[{"name":"wp","href":"https:\/\/api.w.org\/{rel}","templated":true}]}}