{"id":559,"date":"2025-03-16T19:40:08","date_gmt":"2025-03-16T18:40:08","guid":{"rendered":"https:\/\/carlindia.com\/?page_id=559"},"modified":"2025-11-06T13:50:28","modified_gmt":"2025-11-06T12:50:28","slug":"pension-pre","status":"publish","type":"page","link":"https:\/\/carlindia.com\/index.php\/pension-pre\/","title":{"rendered":"Pension Pr\u00e9"},"content":{"rendered":"\n<p>Nous pouvons, <strong>selon les disponibilit\u00e9s<\/strong>, accueillir un propri\u00e9taire avec son ou ses chevaux en <strong>pension \u00e0 long terme<\/strong>. Pour cela, nous vous invitons \u00e0 nous pr\u00e9senter votre profil et votre recherche.<\/p>\n\n\n\n<p> Chaque demande est \u00e9tudi\u00e9e attentivement pour s\u2019assurer qu\u2019elle s\u2019inscrit dans notre philosophie\u202f: un cadre <strong>nature, loisirs et \u00e9levage familial<\/strong>, destin\u00e9 \u00e0 des chevaux <strong>en retraite<\/strong>, <strong>en croissance <\/strong>ou pour des activit\u00e9s de <strong>loisir v\u00e9ritable<\/strong>.<\/p>\n\n\n\n<p>Nous proposons \u00e9galement des <strong>pensions temporaires<\/strong> pour r\u00e9pondre \u00e0 vos besoins ponctuels\u202f: soins, vacances, travail, \u00e9tapes, randonn\u00e9es, ou pour les juments \u00e0 la saillie.<\/p>\n\n\n\n<p>Chez nous, chaque cheval est respect\u00e9 et bien entour\u00e9, dans un environnement sain et convivial, \u00e0 savoir en ext\u00e9rieur, en troupeau avec fourrage \u00e0 volont\u00e9.<\/p>\n\n\n\n<p>Notre domaine offre des infrastructures \u00e9questres fonctionnelles (carri\u00e8res, rond de longe, piste de trot, boxs, sellerie, aires de soins &#8230;) mais celles-ci ne doivent \u00eatre le moteur de votre venue.<\/p>\n\n\n<div id=\"metaslider-id-247\" style=\"width: 100%;\" class=\"ml-slider-3-62-0 metaslider metaslider-flex metaslider-247 ml-slider ms-theme-default nav-hidden\" role=\"region\" aria-roledescription=\"Slideshow\" aria-label=\"Nouveau diaporama\">\n    <div id=\"metaslider_container_247\">\n        <div id=\"metaslider_247\">\n            <ul aria-live=\"polite\" class=\"slides\">\n                <li style=\"display: block; width: 100%;\" class=\"slide-248 ms-image \" aria-roledescription=\"slide\" aria-label=\"slide-248\"><img loading=\"lazy\" decoding=\"async\" width=\"960\" height=\"720\" src=\"https:\/\/carlindia.com\/wp-content\/uploads\/2024\/03\/379127157_6253768848062362_8548734070140473502_n-1.jpg\" class=\"slider-247 slide-248\" alt=\"\" rel=\"\" title=\"379127157_6253768848062362_8548734070140473502_n-1\" srcset=\"https:\/\/carlindia.com\/wp-content\/uploads\/2024\/03\/379127157_6253768848062362_8548734070140473502_n-1.jpg 960w, https:\/\/carlindia.com\/wp-content\/uploads\/2024\/03\/379127157_6253768848062362_8548734070140473502_n-1-300x225.jpg 300w, https:\/\/carlindia.com\/wp-content\/uploads\/2024\/03\/379127157_6253768848062362_8548734070140473502_n-1-768x576.jpg 768w\" sizes=\"auto, 100vw\" \/><\/li>\n                <li style=\"display: none; width: 100%;\" class=\"slide-249 ms-image \" aria-roledescription=\"slide\" aria-label=\"slide-249\"><img loading=\"lazy\" decoding=\"async\" width=\"1536\" height=\"2048\" src=\"https:\/\/carlindia.com\/wp-content\/uploads\/2024\/03\/434184268_122157561134034936_5239875226760301340_n.jpg\" class=\"slider-247 slide-249\" alt=\"\" rel=\"\" title=\"434184268_122157561134034936_5239875226760301340_n\" srcset=\"https:\/\/carlindia.com\/wp-content\/uploads\/2024\/03\/434184268_122157561134034936_5239875226760301340_n.jpg 1536w, https:\/\/carlindia.com\/wp-content\/uploads\/2024\/03\/434184268_122157561134034936_5239875226760301340_n-225x300.jpg 225w, https:\/\/carlindia.com\/wp-content\/uploads\/2024\/03\/434184268_122157561134034936_5239875226760301340_n-768x1024.jpg 768w, https:\/\/carlindia.com\/wp-content\/uploads\/2024\/03\/434184268_122157561134034936_5239875226760301340_n-1152x1536.jpg 1152w\" sizes=\"auto, 100vw\" \/><\/li>\n                <li style=\"display: none; width: 100%;\" class=\"slide-251 ms-image \" aria-roledescription=\"slide\" aria-label=\"slide-251\"><img loading=\"lazy\" decoding=\"async\" width=\"1536\" height=\"2048\" src=\"https:\/\/carlindia.com\/wp-content\/uploads\/2024\/03\/434190070_122156152466034936_4374948374231141970_n.jpg\" class=\"slider-247 slide-251\" alt=\"\" rel=\"\" title=\"434190070_122156152466034936_4374948374231141970_n\" srcset=\"https:\/\/carlindia.com\/wp-content\/uploads\/2024\/03\/434190070_122156152466034936_4374948374231141970_n.jpg 1536w, https:\/\/carlindia.com\/wp-content\/uploads\/2024\/03\/434190070_122156152466034936_4374948374231141970_n-225x300.jpg 225w, https:\/\/carlindia.com\/wp-content\/uploads\/2024\/03\/434190070_122156152466034936_4374948374231141970_n-768x1024.jpg 768w, https:\/\/carlindia.com\/wp-content\/uploads\/2024\/03\/434190070_122156152466034936_4374948374231141970_n-1152x1536.jpg 1152w\" sizes=\"auto, 100vw\" \/><\/li>\n            <\/ul>\n        <\/div>\n        \n    <\/div>\n<\/div>\n\n\n\n<p><\/p>\n\n\n\n<p>FORMULAIRE RENSEIGNEMENTS PENSION<\/p>\n\n\n\n<div class=\"wpcf7 no-js\" id=\"wpcf7-f473-o1\" lang=\"fr-FR\" dir=\"ltr\">\n<div class=\"screen-reader-response\"><p role=\"status\" aria-live=\"polite\" aria-atomic=\"true\"><\/p> <ul><\/ul><\/div>\n<form action=\"\/index.php\/wp-json\/wp\/v2\/pages\/559#wpcf7-f473-o1\" method=\"post\" class=\"wpcf7-form init\" aria-label=\"Formulaire de contact\" novalidate=\"novalidate\" data-status=\"init\">\n<div style=\"display: none;\">\n<input type=\"hidden\" name=\"_wpcf7\" value=\"473\" \/>\n<input type=\"hidden\" name=\"_wpcf7_version\" value=\"5.9.3\" \/>\n<input type=\"hidden\" name=\"_wpcf7_locale\" value=\"fr_FR\" \/>\n<input type=\"hidden\" name=\"_wpcf7_unit_tag\" value=\"wpcf7-f473-o1\" \/>\n<input type=\"hidden\" name=\"_wpcf7_container_post\" value=\"0\" \/>\n<input type=\"hidden\" name=\"_wpcf7_posted_data_hash\" value=\"\" \/>\n<\/div>\n<p><label> Votre nom et pr\u00e9nom<br \/>\n<span class=\"wpcf7-form-control-wrap\" data-name=\"your-name\"><input size=\"40\" class=\"wpcf7-form-control wpcf7-text wpcf7-validates-as-required\" autocomplete=\"name\" aria-required=\"true\" aria-invalid=\"false\" value=\"\" type=\"text\" name=\"your-name\" \/><\/span> <\/label>\n<\/p>\n<p><label> Votre t\u00e9l\u00e9phone<br \/>\n<span class=\"wpcf7-form-control-wrap\" data-name=\"text-429\"><input size=\"40\" class=\"wpcf7-form-control wpcf7-text\" aria-invalid=\"false\" value=\"\" type=\"text\" name=\"text-429\" \/><\/span><br \/>\n<label> Votre e-mail<br \/>\n<span class=\"wpcf7-form-control-wrap\" data-name=\"your-email\"><input size=\"40\" class=\"wpcf7-form-control wpcf7-email wpcf7-validates-as-required wpcf7-text wpcf7-validates-as-email\" autocomplete=\"email\" aria-required=\"true\" aria-invalid=\"false\" value=\"\" type=\"email\" name=\"your-email\" \/><\/span> <\/label><br \/>\n<label> Type de pension<br \/>\n<span class=\"wpcf7-form-control-wrap\" data-name=\"Typedepension\"><select class=\"wpcf7-form-control wpcf7-select\" id=\"Typedepension\" aria-invalid=\"false\" name=\"Typedepension\"><option value=\"Pension pr\u00e9 base\/croissance\/retraite\">Pension pr\u00e9 base\/croissance\/retraite<\/option><option value=\"Pension pr\u00e9 avec installations\">Pension pr\u00e9 avec installations<\/option><option value=\"Pension box\">Pension box<\/option><option value=\"Pension soins\">Pension soins<\/option><\/select><\/span><br \/>\n<label> Nombre de chevaux<br \/>\n<span class=\"wpcf7-form-control-wrap\" data-name=\"text-429\"><input size=\"40\" class=\"wpcf7-form-control wpcf7-text\" aria-invalid=\"false\" value=\"\" type=\"text\" name=\"text-429\" \/><\/span><br \/>\n<label> Age taille race du cheval<br \/>\n<span class=\"wpcf7-form-control-wrap\" data-name=\"textarea-952\"><textarea cols=\"40\" rows=\"10\" class=\"wpcf7-form-control wpcf7-textarea\" aria-invalid=\"false\" name=\"textarea-952\"><\/textarea><\/span><br \/>\n<label> Date d'arriv\u00e9e souhait\u00e9e<br \/>\n<span class=\"wpcf7-form-control-wrap\" data-name=\"text-429\"><input size=\"40\" class=\"wpcf7-form-control wpcf7-text\" aria-invalid=\"false\" value=\"\" type=\"text\" name=\"text-429\" \/><\/span><br \/>\n<label> Budget<br \/>\n<span class=\"wpcf7-form-control-wrap\" data-name=\"text-429\"><input size=\"40\" class=\"wpcf7-form-control wpcf7-text\" aria-invalid=\"false\" value=\"\" type=\"text\" name=\"text-429\" \/><\/span><br \/>\n<label> Votre message<br \/>\n<span class=\"wpcf7-form-control-wrap\" data-name=\"your-message\"><textarea cols=\"40\" rows=\"10\" class=\"wpcf7-form-control wpcf7-textarea\" aria-invalid=\"false\" name=\"your-message\"><\/textarea><\/span> <\/label><br \/>\n<input class=\"wpcf7-form-control wpcf7-submit has-spinner\" type=\"submit\" value=\"Envoyer\" \/><\/label><\/label><\/label><\/label><\/label><\/label>\n<\/p><div class=\"wpcf7-response-output\" aria-hidden=\"true\"><\/div>\n<\/form>\n<\/div>\n\n","protected":false},"excerpt":{"rendered":"<p>Nous pouvons, selon les disponibilit\u00e9s, accueillir un propri\u00e9taire avec son ou ses chevaux en pension \u00e0 long terme. Pour cela, nous vous invitons \u00e0 nous pr\u00e9senter votre profil et votre recherche. Chaque demande est \u00e9tudi\u00e9e attentivement pour s\u2019assurer qu\u2019elle s\u2019inscrit dans notre philosophie\u202f: un cadre nature, loisirs et \u00e9levage familial, destin\u00e9 \u00e0 des chevaux en &hellip; <\/p>\n<p class=\"link-more\"><a href=\"https:\/\/carlindia.com\/index.php\/pension-pre\/\" class=\"more-link\">Continuer la lecture<span class=\"screen-reader-text\"> de &laquo;&nbsp;Pension Pr\u00e9&nbsp;&raquo;<\/span><\/a><\/p>\n","protected":false},"author":1,"featured_media":0,"parent":0,"menu_order":0,"comment_status":"closed","ping_status":"closed","template":"","meta":{"footnotes":""},"class_list":["post-559","page","type-page","status-publish","hentry"],"_links":{"self":[{"href":"https:\/\/carlindia.com\/index.php\/wp-json\/wp\/v2\/pages\/559","targetHints":{"allow":["GET"]}}],"collection":[{"href":"https:\/\/carlindia.com\/index.php\/wp-json\/wp\/v2\/pages"}],"about":[{"href":"https:\/\/carlindia.com\/index.php\/wp-json\/wp\/v2\/types\/page"}],"author":[{"embeddable":true,"href":"https:\/\/carlindia.com\/index.php\/wp-json\/wp\/v2\/users\/1"}],"replies":[{"embeddable":true,"href":"https:\/\/carlindia.com\/index.php\/wp-json\/wp\/v2\/comments?post=559"}],"version-history":[{"count":4,"href":"https:\/\/carlindia.com\/index.php\/wp-json\/wp\/v2\/pages\/559\/revisions"}],"predecessor-version":[{"id":910,"href":"https:\/\/carlindia.com\/index.php\/wp-json\/wp\/v2\/pages\/559\/revisions\/910"}],"wp:attachment":[{"href":"https:\/\/carlindia.com\/index.php\/wp-json\/wp\/v2\/media?parent=559"}],"curies":[{"name":"wp","href":"https:\/\/api.w.org\/{rel}","templated":true}]}}