{"id":553,"date":"2025-03-16T19:37:31","date_gmt":"2025-03-16T18:37:31","guid":{"rendered":"https:\/\/carlindia.com\/?page_id=553"},"modified":"2025-03-18T23:27:37","modified_gmt":"2025-03-18T22:27:37","slug":"soins-animaliers","status":"publish","type":"page","link":"https:\/\/carlindia.com\/index.php\/soins-animaliers\/","title":{"rendered":"Soins Animaliers"},"content":{"rendered":"\n<p>CARLINDIA MULTISOINS <\/p>\n\n\n\n<div class=\"wp-block-media-text is-stacked-on-mobile\"><figure class=\"wp-block-media-text__media\"><img loading=\"lazy\" decoding=\"async\" width=\"724\" height=\"1024\" src=\"https:\/\/carlindia.com\/wp-content\/uploads\/2024\/04\/2c9c4231-5eca-4aed-ba10-a30f803e3815-2-724x1024.jpg\" alt=\"\" class=\"wp-image-458 size-full\" srcset=\"https:\/\/carlindia.com\/wp-content\/uploads\/2024\/04\/2c9c4231-5eca-4aed-ba10-a30f803e3815-2-724x1024.jpg 724w, https:\/\/carlindia.com\/wp-content\/uploads\/2024\/04\/2c9c4231-5eca-4aed-ba10-a30f803e3815-2-212x300.jpg 212w, https:\/\/carlindia.com\/wp-content\/uploads\/2024\/04\/2c9c4231-5eca-4aed-ba10-a30f803e3815-2-768x1086.jpg 768w, https:\/\/carlindia.com\/wp-content\/uploads\/2024\/04\/2c9c4231-5eca-4aed-ba10-a30f803e3815-2-1086x1536.jpg 1086w, https:\/\/carlindia.com\/wp-content\/uploads\/2024\/04\/2c9c4231-5eca-4aed-ba10-a30f803e3815-2.jpg 1448w\" sizes=\"auto, (max-width: 724px) 100vw, 724px\" \/><\/figure><div class=\"wp-block-media-text__content\">\n<p>B\u00e9n\u00e9ficiez des soins Shiatsu \u00e0 domicile et tant d&rsquo;autres soins, pour vous m\u00eame ou vos animaux par notre praticienne certifi\u00e9e. <\/p>\n\n\n\n<p>D\u00e9placement par secteur ou accueil au domaine.<\/p>\n\n\n\n<p>R\u00e9servez d\u00e8s maintenant une s\u00e9ance ! <\/p>\n<\/div><\/div>\n\n\n\n<p><\/p>\n\n\n<div id=\"metaslider-id-263\" style=\"width: 100%;\" class=\"ml-slider-3-62-0 metaslider metaslider-flex metaslider-263 ml-slider ms-theme-default nav-hidden\" role=\"region\" aria-roledescription=\"Slideshow\" aria-label=\"Nouveau diaporama\">\n    <div id=\"metaslider_container_263\">\n        <div id=\"metaslider_263\">\n            <ul aria-live=\"polite\" class=\"slides\">\n                <li style=\"display: block; width: 100%;\" class=\"slide-265 ms-image \" aria-roledescription=\"slide\" aria-label=\"slide-265\"><img loading=\"lazy\" decoding=\"async\" width=\"734\" height=\"734\" src=\"https:\/\/carlindia.com\/wp-content\/uploads\/2024\/03\/telechargement-1-1.jpg\" class=\"slider-263 slide-265\" alt=\"\" rel=\"\" title=\"t\u00e9l\u00e9chargement (1)\" srcset=\"https:\/\/carlindia.com\/wp-content\/uploads\/2024\/03\/telechargement-1-1.jpg 734w, https:\/\/carlindia.com\/wp-content\/uploads\/2024\/03\/telechargement-1-1-300x300.jpg 300w, https:\/\/carlindia.com\/wp-content\/uploads\/2024\/03\/telechargement-1-1-150x150.jpg 150w, https:\/\/carlindia.com\/wp-content\/uploads\/2024\/03\/telechargement-1-1-100x100.jpg 100w\" sizes=\"auto, 100vw\" \/><\/li>\n                <li style=\"display: none; width: 100%;\" class=\"slide-267 ms-image \" aria-roledescription=\"slide\" aria-label=\"slide-267\"><img loading=\"lazy\" decoding=\"async\" width=\"989\" height=\"1056\" src=\"https:\/\/carlindia.com\/wp-content\/uploads\/2024\/03\/3d071027-237c-4aeb-8267-dcb625e2320c.jpg\" class=\"slider-263 slide-267\" alt=\"\" rel=\"\" title=\"3d071027-237c-4aeb-8267-dcb625e2320c\" srcset=\"https:\/\/carlindia.com\/wp-content\/uploads\/2024\/03\/3d071027-237c-4aeb-8267-dcb625e2320c.jpg 989w, https:\/\/carlindia.com\/wp-content\/uploads\/2024\/03\/3d071027-237c-4aeb-8267-dcb625e2320c-281x300.jpg 281w, https:\/\/carlindia.com\/wp-content\/uploads\/2024\/03\/3d071027-237c-4aeb-8267-dcb625e2320c-959x1024.jpg 959w, https:\/\/carlindia.com\/wp-content\/uploads\/2024\/03\/3d071027-237c-4aeb-8267-dcb625e2320c-768x820.jpg 768w\" sizes=\"auto, 100vw\" \/><\/li>\n                <li style=\"display: none; width: 100%;\" class=\"slide-269 ms-image \" aria-roledescription=\"slide\" aria-label=\"slide-269\"><img loading=\"lazy\" decoding=\"async\" width=\"1200\" height=\"900\" src=\"https:\/\/carlindia.com\/wp-content\/uploads\/2024\/03\/2b3958a8-b4dc-4223-8017-5357a380ba9c.jpg\" class=\"slider-263 slide-269\" alt=\"\" rel=\"\" title=\"2b3958a8-b4dc-4223-8017-5357a380ba9c\" srcset=\"https:\/\/carlindia.com\/wp-content\/uploads\/2024\/03\/2b3958a8-b4dc-4223-8017-5357a380ba9c.jpg 1200w, https:\/\/carlindia.com\/wp-content\/uploads\/2024\/03\/2b3958a8-b4dc-4223-8017-5357a380ba9c-300x225.jpg 300w, https:\/\/carlindia.com\/wp-content\/uploads\/2024\/03\/2b3958a8-b4dc-4223-8017-5357a380ba9c-1024x768.jpg 1024w, https:\/\/carlindia.com\/wp-content\/uploads\/2024\/03\/2b3958a8-b4dc-4223-8017-5357a380ba9c-768x576.jpg 768w\" sizes=\"auto, 100vw\" \/><\/li>\n            <\/ul>\n        <\/div>\n        \n    <\/div>\n<\/div>\n\n\n\n<p><\/p>\n\n\n\n<p>FORMULAIRE RESERVATION SOINS<\/p>\n\n\n\n<div class=\"wpcf7 no-js\" id=\"wpcf7-f479-o1\" lang=\"fr-FR\" dir=\"ltr\">\n<div class=\"screen-reader-response\"><p role=\"status\" aria-live=\"polite\" aria-atomic=\"true\"><\/p> <ul><\/ul><\/div>\n<form action=\"\/index.php\/wp-json\/wp\/v2\/pages\/553#wpcf7-f479-o1\" method=\"post\" class=\"wpcf7-form init\" aria-label=\"Formulaire de contact\" novalidate=\"novalidate\" data-status=\"init\">\n<div style=\"display: none;\">\n<input type=\"hidden\" name=\"_wpcf7\" value=\"479\" \/>\n<input type=\"hidden\" name=\"_wpcf7_version\" value=\"5.9.3\" \/>\n<input type=\"hidden\" name=\"_wpcf7_locale\" value=\"fr_FR\" \/>\n<input type=\"hidden\" name=\"_wpcf7_unit_tag\" value=\"wpcf7-f479-o1\" \/>\n<input type=\"hidden\" name=\"_wpcf7_container_post\" value=\"0\" \/>\n<input type=\"hidden\" name=\"_wpcf7_posted_data_hash\" value=\"\" \/>\n<\/div>\n<p><label> Votre nom et pr\u00e9nom<br \/>\n<span class=\"wpcf7-form-control-wrap\" data-name=\"your-name\"><input size=\"40\" class=\"wpcf7-form-control wpcf7-text wpcf7-validates-as-required\" autocomplete=\"name\" aria-required=\"true\" aria-invalid=\"false\" value=\"\" type=\"text\" name=\"your-name\" \/><\/span> <\/label>\n<\/p>\n<p><label> Votre t\u00e9l\u00e9phone<br \/>\n<span class=\"wpcf7-form-control-wrap\" data-name=\"text-616\"><input size=\"40\" class=\"wpcf7-form-control wpcf7-text\" aria-invalid=\"false\" value=\"\" type=\"text\" name=\"text-616\" \/><\/span><br \/>\n<label> Votre e-mail<br \/>\n<span class=\"wpcf7-form-control-wrap\" data-name=\"your-email\"><input size=\"40\" class=\"wpcf7-form-control wpcf7-email wpcf7-validates-as-required wpcf7-text wpcf7-validates-as-email\" autocomplete=\"email\" aria-required=\"true\" aria-invalid=\"false\" value=\"\" type=\"email\" name=\"your-email\" \/><\/span> <\/label><br \/>\n<label> Esp\u00e8ce<br \/>\n<span class=\"wpcf7-form-control-wrap\" data-name=\"menu-445\"><select class=\"wpcf7-form-control wpcf7-select\" aria-invalid=\"false\" multiple=\"multiple\" name=\"menu-445[]\"><option value=\"Humain\">Humain<\/option><option value=\"Equid\u00e9\">Equid\u00e9<\/option><option value=\"Chien\/chat\">Chien\/chat<\/option><option value=\"Caprin\">Caprin<\/option><option value=\"Bovin\">Bovin<\/option><option value=\"Nacs\">Nacs<\/option><\/select><\/span><br \/>\n<label> Soin(s) souhait\u00e9(s)<br \/>\n<span class=\"wpcf7-form-control-wrap\" data-name=\"menu-445\"><select class=\"wpcf7-form-control wpcf7-select\" aria-invalid=\"false\" multiple=\"multiple\" name=\"menu-445[]\"><option value=\"Shiatsu\">Shiatsu<\/option><option value=\"Reiki\">Reiki<\/option><option value=\"Lahoci\">Lahoci<\/option><option value=\"Algoth\u00e9rapie\/phytoth\u00e9rapie\">Algoth\u00e9rapie\/phytoth\u00e9rapie<\/option><\/select><\/span><br \/>\n<label> Service demand\u00e9<br \/>\n<span class=\"wpcf7-form-control-wrap\" data-name=\"menu-445\"><select class=\"wpcf7-form-control wpcf7-select\" aria-invalid=\"false\" multiple=\"multiple\" name=\"menu-445[]\"><option value=\"A domicile\">A domicile<\/option><option value=\"Au domaine\">Au domaine<\/option><option value=\"A distance\">A distance<\/option><\/select><\/span><br \/>\n<label> Date souhait\u00e9e<br \/>\n<span class=\"wpcf7-form-control-wrap\" data-name=\"text-616\"><input size=\"40\" class=\"wpcf7-form-control wpcf7-text\" aria-invalid=\"false\" value=\"\" type=\"text\" name=\"text-616\" \/><\/span><br \/>\n<label> Localisation<br \/>\n<span class=\"wpcf7-form-control-wrap\" data-name=\"text-616\"><input size=\"40\" class=\"wpcf7-form-control wpcf7-text\" aria-invalid=\"false\" value=\"\" type=\"text\" name=\"text-616\" \/><\/span><br \/>\n<label> Votre message (facultatif)<br \/>\n<span class=\"wpcf7-form-control-wrap\" data-name=\"your-message\"><textarea cols=\"40\" rows=\"10\" class=\"wpcf7-form-control wpcf7-textarea\" aria-invalid=\"false\" name=\"your-message\"><\/textarea><\/span> <\/label><br \/>\n<input class=\"wpcf7-form-control wpcf7-submit has-spinner\" type=\"submit\" value=\"Envoyer\" \/><\/label><\/label><\/label><\/label><\/label><\/label>\n<\/p><div class=\"wpcf7-response-output\" aria-hidden=\"true\"><\/div>\n<\/form>\n<\/div>\n\n","protected":false},"excerpt":{"rendered":"<p>CARLINDIA MULTISOINS B\u00e9n\u00e9ficiez des soins Shiatsu \u00e0 domicile et tant d&rsquo;autres soins, pour vous m\u00eame ou vos animaux par notre praticienne certifi\u00e9e. D\u00e9placement par secteur ou accueil au domaine. R\u00e9servez d\u00e8s maintenant une s\u00e9ance ! FORMULAIRE RESERVATION SOINS<\/p>\n","protected":false},"author":1,"featured_media":0,"parent":0,"menu_order":0,"comment_status":"closed","ping_status":"closed","template":"","meta":{"footnotes":""},"class_list":["post-553","page","type-page","status-publish","hentry"],"_links":{"self":[{"href":"https:\/\/carlindia.com\/index.php\/wp-json\/wp\/v2\/pages\/553","targetHints":{"allow":["GET"]}}],"collection":[{"href":"https:\/\/carlindia.com\/index.php\/wp-json\/wp\/v2\/pages"}],"about":[{"href":"https:\/\/carlindia.com\/index.php\/wp-json\/wp\/v2\/types\/page"}],"author":[{"embeddable":true,"href":"https:\/\/carlindia.com\/index.php\/wp-json\/wp\/v2\/users\/1"}],"replies":[{"embeddable":true,"href":"https:\/\/carlindia.com\/index.php\/wp-json\/wp\/v2\/comments?post=553"}],"version-history":[{"count":4,"href":"https:\/\/carlindia.com\/index.php\/wp-json\/wp\/v2\/pages\/553\/revisions"}],"predecessor-version":[{"id":831,"href":"https:\/\/carlindia.com\/index.php\/wp-json\/wp\/v2\/pages\/553\/revisions\/831"}],"wp:attachment":[{"href":"https:\/\/carlindia.com\/index.php\/wp-json\/wp\/v2\/media?parent=553"}],"curies":[{"name":"wp","href":"https:\/\/api.w.org\/{rel}","templated":true}]}}