{"id":542,"date":"2025-03-16T19:33:22","date_gmt":"2025-03-16T18:33:22","guid":{"rendered":"https:\/\/carlindia.com\/?page_id=542"},"modified":"2025-03-18T23:44:29","modified_gmt":"2025-03-18T22:44:29","slug":"ferme-pedagogique","status":"publish","type":"page","link":"https:\/\/carlindia.com\/index.php\/ferme-pedagogique\/","title":{"rendered":"Ferme p\u00e9dagogique"},"content":{"rendered":"\n<p>Bienvenue \u00e0 la Ferme P\u00e9dagogique !<\/p>\n\n\n\n<p>Un tout nouveau projet voit le jour, et vous pouvez en faire partie d\u00e8s maintenant ! Notre ferme p\u00e9dagogique est en plein d\u00e9veloppement, avec de nombreuses activit\u00e9s et animations \u00e0 venir, mais d\u00e8s aujourd\u2019hui, nous vous ouvrons nos portes pour des visites simples \u00e0 prix r\u00e9duit durant ces premiers mois.<\/p>\n\n\n\n<ul class=\"wp-block-list\">\n<li>En famille, entre amis, petits et grands, venez \u00e0 la rencontre de nos animaux et d\u00e9couvrez leur univers !<\/li>\n<\/ul>\n\n\n\n<ul class=\"wp-block-list\">\n<li>Privatisation pour \u00e9v\u00e9nements : anniversaires, enterrements de vie de jeune fille\/gar\u00e7on, moments uniques au plus pr\u00e8s des animaux<\/li>\n<\/ul>\n\n\n\n<ul class=\"wp-block-list\">\n<li>Accueil de groupes : en partenariat avec les \u00e9coles et EHPAD, nous proposons des visites adapt\u00e9es pour tous les \u00e2ges<\/li>\n<\/ul>\n\n\n\n<ul class=\"wp-block-list\">\n<li>Vers un projet d\u2019\u00e9quith\u00e9rapie et de m\u00e9diation animale : accompagnement encadr\u00e9 par un professionnel sp\u00e9cialis\u00e9, pour apporter bien-\u00eatre et connexion avec les animaux <\/li>\n<\/ul>\n\n\n\n<p>Venez d\u00e9couvrir, apprendre et ressentir le bien-\u00eatre que nous offrent les animaux dans un cadre naturel apaisant<\/p>\n\n\n\n<div class=\"wp-block-group is-layout-grid wp-container-core-group-is-layout-9649a0d9 wp-block-group-is-layout-grid\">\n<figure class=\"wp-block-image size-large\"><img loading=\"lazy\" decoding=\"async\" width=\"1536\" height=\"1536\" src=\"https:\/\/carlindia.com\/wp-content\/uploads\/2025\/03\/438154371_965192801597183_5575330180652655070_n-edited.png\" alt=\"\" class=\"wp-image-845\" srcset=\"https:\/\/carlindia.com\/wp-content\/uploads\/2025\/03\/438154371_965192801597183_5575330180652655070_n-edited.png 1536w, https:\/\/carlindia.com\/wp-content\/uploads\/2025\/03\/438154371_965192801597183_5575330180652655070_n-edited-300x300.png 300w, https:\/\/carlindia.com\/wp-content\/uploads\/2025\/03\/438154371_965192801597183_5575330180652655070_n-edited-1024x1024.png 1024w, https:\/\/carlindia.com\/wp-content\/uploads\/2025\/03\/438154371_965192801597183_5575330180652655070_n-edited-150x150.png 150w, https:\/\/carlindia.com\/wp-content\/uploads\/2025\/03\/438154371_965192801597183_5575330180652655070_n-edited-768x768.png 768w, https:\/\/carlindia.com\/wp-content\/uploads\/2025\/03\/438154371_965192801597183_5575330180652655070_n-edited-100x100.png 100w\" sizes=\"auto, (max-width: 706px) 89vw, (max-width: 767px) 82vw, 740px\" \/><\/figure>\n\n\n\n<figure class=\"wp-block-image size-large\"><img loading=\"lazy\" decoding=\"async\" width=\"1152\" height=\"1152\" src=\"https:\/\/carlindia.com\/wp-content\/uploads\/2025\/03\/448962113_3404529883175509_6722961791604601750_n-1-edited.jpg\" alt=\"\" class=\"wp-image-841\" srcset=\"https:\/\/carlindia.com\/wp-content\/uploads\/2025\/03\/448962113_3404529883175509_6722961791604601750_n-1-edited.jpg 1152w, https:\/\/carlindia.com\/wp-content\/uploads\/2025\/03\/448962113_3404529883175509_6722961791604601750_n-1-edited-300x300.jpg 300w, https:\/\/carlindia.com\/wp-content\/uploads\/2025\/03\/448962113_3404529883175509_6722961791604601750_n-1-edited-1024x1024.jpg 1024w, https:\/\/carlindia.com\/wp-content\/uploads\/2025\/03\/448962113_3404529883175509_6722961791604601750_n-1-edited-150x150.jpg 150w, https:\/\/carlindia.com\/wp-content\/uploads\/2025\/03\/448962113_3404529883175509_6722961791604601750_n-1-edited-768x768.jpg 768w, https:\/\/carlindia.com\/wp-content\/uploads\/2025\/03\/448962113_3404529883175509_6722961791604601750_n-1-edited-100x100.jpg 100w\" sizes=\"auto, (max-width: 706px) 89vw, (max-width: 767px) 82vw, 740px\" \/><\/figure>\n\n\n\n<figure class=\"wp-block-image size-large\"><img loading=\"lazy\" decoding=\"async\" width=\"1366\" height=\"1366\" src=\"https:\/\/carlindia.com\/wp-content\/uploads\/2025\/03\/438267295_810965947217451_4141118710293000464_n-edited.jpg\" alt=\"\" class=\"wp-image-842\" srcset=\"https:\/\/carlindia.com\/wp-content\/uploads\/2025\/03\/438267295_810965947217451_4141118710293000464_n-edited.jpg 1366w, https:\/\/carlindia.com\/wp-content\/uploads\/2025\/03\/438267295_810965947217451_4141118710293000464_n-edited-300x300.jpg 300w, https:\/\/carlindia.com\/wp-content\/uploads\/2025\/03\/438267295_810965947217451_4141118710293000464_n-edited-1024x1024.jpg 1024w, https:\/\/carlindia.com\/wp-content\/uploads\/2025\/03\/438267295_810965947217451_4141118710293000464_n-edited-150x150.jpg 150w, https:\/\/carlindia.com\/wp-content\/uploads\/2025\/03\/438267295_810965947217451_4141118710293000464_n-edited-768x768.jpg 768w, https:\/\/carlindia.com\/wp-content\/uploads\/2025\/03\/438267295_810965947217451_4141118710293000464_n-edited-100x100.jpg 100w\" sizes=\"auto, (max-width: 706px) 89vw, (max-width: 767px) 82vw, 740px\" \/><\/figure>\n<\/div>\n\n\n\n<p><\/p>\n","protected":false},"excerpt":{"rendered":"<p>Bienvenue \u00e0 la Ferme P\u00e9dagogique ! Un tout nouveau projet voit le jour, et vous pouvez en faire partie d\u00e8s maintenant ! Notre ferme p\u00e9dagogique est en plein d\u00e9veloppement, avec de nombreuses activit\u00e9s et animations \u00e0 venir, mais d\u00e8s aujourd\u2019hui, nous vous ouvrons nos portes pour des visites simples \u00e0 prix r\u00e9duit durant ces premiers &hellip; <\/p>\n<p class=\"link-more\"><a href=\"https:\/\/carlindia.com\/index.php\/ferme-pedagogique\/\" class=\"more-link\">Continuer la lecture<span class=\"screen-reader-text\"> de &laquo;&nbsp;Ferme p\u00e9dagogique&nbsp;&raquo;<\/span><\/a><\/p>\n","protected":false},"author":1,"featured_media":0,"parent":0,"menu_order":0,"comment_status":"closed","ping_status":"closed","template":"","meta":{"footnotes":""},"class_list":["post-542","page","type-page","status-publish","hentry"],"_links":{"self":[{"href":"https:\/\/carlindia.com\/index.php\/wp-json\/wp\/v2\/pages\/542","targetHints":{"allow":["GET"]}}],"collection":[{"href":"https:\/\/carlindia.com\/index.php\/wp-json\/wp\/v2\/pages"}],"about":[{"href":"https:\/\/carlindia.com\/index.php\/wp-json\/wp\/v2\/types\/page"}],"author":[{"embeddable":true,"href":"https:\/\/carlindia.com\/index.php\/wp-json\/wp\/v2\/users\/1"}],"replies":[{"embeddable":true,"href":"https:\/\/carlindia.com\/index.php\/wp-json\/wp\/v2\/comments?post=542"}],"version-history":[{"count":3,"href":"https:\/\/carlindia.com\/index.php\/wp-json\/wp\/v2\/pages\/542\/revisions"}],"predecessor-version":[{"id":846,"href":"https:\/\/carlindia.com\/index.php\/wp-json\/wp\/v2\/pages\/542\/revisions\/846"}],"wp:attachment":[{"href":"https:\/\/carlindia.com\/index.php\/wp-json\/wp\/v2\/media?parent=542"}],"curies":[{"name":"wp","href":"https:\/\/api.w.org\/{rel}","templated":true}]}}