{"id":141,"date":"2024-03-30T13:24:40","date_gmt":"2024-03-30T12:24:40","guid":{"rendered":"https:\/\/carlindia.com\/?page_id=141"},"modified":"2025-11-13T23:37:01","modified_gmt":"2025-11-13T22:37:01","slug":"nos-valeurs-2","status":"publish","type":"page","link":"https:\/\/carlindia.com\/index.php\/nos-valeurs-2\/","title":{"rendered":"Nos valeurs"},"content":{"rendered":"\n<hr class=\"wp-block-separator has-alpha-channel-opacity\"\/>\n\n\n\n<p><strong>\u00ab Le luxe ne fait pas le bonheur mais le bonheur est un luxe \u00bb<\/strong> pourrait parfaitement r\u00e9sumer notre mentalit\u00e9.<\/p>\n\n\n\n<p>Au Domaine Carlindia, nous sommes avant tout passionn\u00e9s par <strong>l\u2019animal avant le sport qu\u2019est l\u2019\u00e9quitation<\/strong>. Ce qui nous anime, c\u2019est la d\u00e9couverte de <strong>toutes les mani\u00e8res d\u2019aborder le cheval<\/strong>, de comprendre sa nature, ses \u00e9motions et les diff\u00e9rentes <strong>disciplines \u00e9questres<\/strong> possibles, dans le respect de son individualit\u00e9.<\/p>\n\n\n\n<p>Aupr\u00e8s des chevaux, nous avons appris \u00e0 appr\u00e9cier les moments les plus simples. Le regard et la reconnaissance des animaux sont devenus une richesse dont nous ne pourrions plus nous passer. Au sein de notre domaine, nous refusons que le superflu et l\u2019apparence prennent le dessus sur la passion de l\u2019animal et du cheval. Chez nous, il n\u2019y a pas de comp\u00e9tition \u00e0 celui qui a le plus beau cheval ou le mat\u00e9riel le plus cher. Nous mettons en valeur la <strong>relation homme\u2013cheval<\/strong> au quotidien.<\/p>\n\n\n\n<p>Les chevaux sont des \u00eatres uniques, dot\u00e9s de personnalit\u00e9s tr\u00e8s distinctes. Pour cela, nous limitons les changements qui alt\u00e8rent leur stabilit\u00e9 mentale. Nous ne s\u00e9parons pas les chevaux qui cr\u00e9ent une forte affinit\u00e9 entre eux. Encore beaucoup de gens pensent qu\u2019ils n\u2019ont pas d\u2019\u00e9motions et que les changements de famille sont anodins, pourtant chaque cheval arriv\u00e9 chez nous nous a prouv\u00e9 qu\u2019il lui fallait pr\u00e8s de six mois pour s\u2019adapter et se poser. Leurs cong\u00e9n\u00e8res leur apportent s\u00e9curit\u00e9 et confort \u2014 ce bien-\u00eatre se r\u00e9v\u00e8le aussi bien <strong>physiquement que mentalement<\/strong>, et se ressent dans l\u2019interaction qu\u2019ils ont avec l\u2019Homme et la confiance qu\u2019ils lui accordent.<\/p>\n\n\n\n<p>Nos chevaux et nos \u00e9talons vivent <strong>en troupeau et \u00e0 l\u2019ext\u00e9rieur<\/strong>, libres de leurs mouvements et de leurs affinit\u00e9s, car c\u2019est ainsi qu\u2019ils s\u2019\u00e9panouissent pleinement.<\/p>\n\n\n\n<p>Nous consacrons \u00e9galement une importance aux mots employ\u00e9s \u00e0 leur \u00e9gard, par estime. Au-del\u00e0 des soins physiques dont ils b\u00e9n\u00e9ficient, la <strong>consid\u00e9ration<\/strong> qui leur est port\u00e9e est primordiale : ils savent qu\u2019ils font partie int\u00e9grante de la famille, pour vivre une vie libre de mouvement et d\u2019expression. Le maximum \u00e0 notre port\u00e9e sera toujours accompli pour leur bien-\u00eatre et pour tenter de les sauver d\u2019issues parfois dramatiques.<\/p>\n\n\n\n<p>Hormis le fait de vouloir les garder plus longtemps aupr\u00e8s de nous, si la souffrance est g\u00e9rable et passag\u00e8re, est-il appropri\u00e9 d\u2019abandonner \u00e0 la place du malade ? Quand on s\u2019engage aupr\u00e8s des chevaux, on s\u2019investit mentalement, physiquement et financi\u00e8rement pour le meilleur et pour le pire. Les sacrifices sont parfois lourds, mais cela vaut le coup de passer des moments aupr\u00e8s d\u2019eux, de leur prouver tout notre amour et notre soutien, de leur laisser la chance de se retaper. Personne ne peut promettre de gu\u00e9rir un malade, ni m\u00eame un m\u00e9decin \u00e0 l\u2019h\u00f4pital ; en revanche, la promesse de le soigner de tout c\u0153ur, nous pouvons la tenir. C\u2019est le choix que nous faisons pour nos chevaux : <strong>nous sommes et resterons contre l\u2019euthanasie de complaisance et de facilit\u00e9.<\/strong> Chaque vie m\u00e9rite de l\u2019int\u00e9r\u00eat.<\/p>\n\n\n\n<p>\u00ab La nature est notre plus belle pharmacie \u00bb est un hymne qui donne un sens \u00e0 notre mani\u00e8re d\u2019\u0153uvrer aupr\u00e8s des chevaux. \u00c0 l\u2019aide de <strong>soins naturels et de m\u00e9decines holistiques<\/strong>, nous avons plus de chance de soigner l\u2019origine des maux et non pas seulement d\u2019en faire taire les sympt\u00f4mes. Les m\u00e9dicaments sont certes utiles en cas d\u2019urgence, mais ne r\u00e9gleront jamais le probl\u00e8me initial, tout comme un pompier ne remettra pas en \u00e9tat un immeuble suite \u00e0 un feu qu\u2019il aura \u00e9teint. Les m\u00e9decines douces, elles, agissent en profondeur et accompagnent nos animaux dans un \u00e9quilibre durable.<\/p>\n\n\n\n<p>Enfin, le Domaine Carlindia, c\u2019est aussi une <strong>escapade nature<\/strong>, un lieu o\u00f9 l\u2019on vient se ressourcer aupr\u00e8s des chevaux et des nombreux <strong>animaux de ferme<\/strong> qui partagent nos prairies. Chacun d\u2019eux, qu\u2019il soit bovin, ovin, caprin ou autre, a <strong>quelque chose \u00e0 nous apporter<\/strong>, une mani\u00e8re unique de nous reconnecter au vivant<\/p>\n\n\n\n<p><\/p>\n\n\n<div id=\"metaslider-id-211\" style=\"width: 100%;\" class=\"ml-slider-3-62-0 metaslider metaslider-flex metaslider-211 ml-slider ms-theme-default nav-hidden\" role=\"region\" aria-roledescription=\"Slideshow\" aria-label=\"Nouveau diaporama\">\n    <div id=\"metaslider_container_211\">\n        <div id=\"metaslider_211\">\n            <ul aria-live=\"polite\" class=\"slides\">\n                <li style=\"display: block; width: 100%;\" class=\"slide-213 ms-image \" aria-roledescription=\"slide\" aria-label=\"slide-213\"><img loading=\"lazy\" decoding=\"async\" width=\"960\" height=\"672\" src=\"https:\/\/carlindia.com\/wp-content\/uploads\/2024\/03\/17103691_1160451190727512_4934816376002284475_n.jpg\" class=\"slider-211 slide-213\" alt=\"\" rel=\"\" title=\"17103691_1160451190727512_4934816376002284475_n\" srcset=\"https:\/\/carlindia.com\/wp-content\/uploads\/2024\/03\/17103691_1160451190727512_4934816376002284475_n.jpg 960w, https:\/\/carlindia.com\/wp-content\/uploads\/2024\/03\/17103691_1160451190727512_4934816376002284475_n-300x210.jpg 300w, https:\/\/carlindia.com\/wp-content\/uploads\/2024\/03\/17103691_1160451190727512_4934816376002284475_n-768x538.jpg 768w\" sizes=\"auto, 100vw\" \/><\/li>\n                <li style=\"display: none; width: 100%;\" class=\"slide-215 ms-image \" aria-roledescription=\"slide\" aria-label=\"slide-215\"><img loading=\"lazy\" decoding=\"async\" width=\"586\" height=\"517\" src=\"https:\/\/carlindia.com\/wp-content\/uploads\/2024\/03\/233631839_347744666894848_2746460730741578532_n-e1711909756401.jpg\" class=\"slider-211 slide-215\" alt=\"\" rel=\"\" title=\"233631839_347744666894848_2746460730741578532_n\" srcset=\"https:\/\/carlindia.com\/wp-content\/uploads\/2024\/03\/233631839_347744666894848_2746460730741578532_n-e1711909756401.jpg 586w, https:\/\/carlindia.com\/wp-content\/uploads\/2024\/03\/233631839_347744666894848_2746460730741578532_n-e1711909756401-300x265.jpg 300w\" sizes=\"auto, 100vw\" \/><\/li>\n                <li style=\"display: none; width: 100%;\" class=\"slide-217 ms-image \" aria-roledescription=\"slide\" aria-label=\"slide-217\"><img loading=\"lazy\" decoding=\"async\" width=\"960\" height=\"640\" src=\"https:\/\/carlindia.com\/wp-content\/uploads\/2024\/03\/139491810_3380629982042944_5580771440198080291_n.jpg\" class=\"slider-211 slide-217\" alt=\"\" rel=\"\" title=\"139491810_3380629982042944_5580771440198080291_n\" srcset=\"https:\/\/carlindia.com\/wp-content\/uploads\/2024\/03\/139491810_3380629982042944_5580771440198080291_n.jpg 960w, https:\/\/carlindia.com\/wp-content\/uploads\/2024\/03\/139491810_3380629982042944_5580771440198080291_n-300x200.jpg 300w, https:\/\/carlindia.com\/wp-content\/uploads\/2024\/03\/139491810_3380629982042944_5580771440198080291_n-768x512.jpg 768w\" sizes=\"auto, 100vw\" \/><\/li>\n            <\/ul>\n        <\/div>\n        \n    <\/div>\n<\/div>\n","protected":false},"excerpt":{"rendered":"<p>\u00ab Le luxe ne fait pas le bonheur mais le bonheur est un luxe \u00bb pourrait parfaitement r\u00e9sumer notre mentalit\u00e9. Au Domaine Carlindia, nous sommes avant tout passionn\u00e9s par l\u2019animal avant le sport qu\u2019est l\u2019\u00e9quitation. Ce qui nous anime, c\u2019est la d\u00e9couverte de toutes les mani\u00e8res d\u2019aborder le cheval, de comprendre sa nature, ses \u00e9motions &hellip; <\/p>\n<p class=\"link-more\"><a href=\"https:\/\/carlindia.com\/index.php\/nos-valeurs-2\/\" class=\"more-link\">Continuer la lecture<span class=\"screen-reader-text\"> de &laquo;&nbsp;Nos valeurs&nbsp;&raquo;<\/span><\/a><\/p>\n","protected":false},"author":1,"featured_media":988,"parent":0,"menu_order":0,"comment_status":"closed","ping_status":"closed","template":"","meta":{"footnotes":""},"class_list":["post-141","page","type-page","status-publish","has-post-thumbnail","hentry"],"_links":{"self":[{"href":"https:\/\/carlindia.com\/index.php\/wp-json\/wp\/v2\/pages\/141","targetHints":{"allow":["GET"]}}],"collection":[{"href":"https:\/\/carlindia.com\/index.php\/wp-json\/wp\/v2\/pages"}],"about":[{"href":"https:\/\/carlindia.com\/index.php\/wp-json\/wp\/v2\/types\/page"}],"author":[{"embeddable":true,"href":"https:\/\/carlindia.com\/index.php\/wp-json\/wp\/v2\/users\/1"}],"replies":[{"embeddable":true,"href":"https:\/\/carlindia.com\/index.php\/wp-json\/wp\/v2\/comments?post=141"}],"version-history":[{"count":5,"href":"https:\/\/carlindia.com\/index.php\/wp-json\/wp\/v2\/pages\/141\/revisions"}],"predecessor-version":[{"id":883,"href":"https:\/\/carlindia.com\/index.php\/wp-json\/wp\/v2\/pages\/141\/revisions\/883"}],"wp:featuredmedia":[{"embeddable":true,"href":"https:\/\/carlindia.com\/index.php\/wp-json\/wp\/v2\/media\/988"}],"wp:attachment":[{"href":"https:\/\/carlindia.com\/index.php\/wp-json\/wp\/v2\/media?parent=141"}],"curies":[{"name":"wp","href":"https:\/\/api.w.org\/{rel}","templated":true}]}}