{"id":130,"date":"2024-03-30T13:04:08","date_gmt":"2024-03-30T12:04:08","guid":{"rendered":"https:\/\/carlindia.com\/?page_id=130"},"modified":"2025-10-29T12:43:55","modified_gmt":"2025-10-29T11:43:55","slug":"carlindia-presentation","status":"publish","type":"page","link":"https:\/\/carlindia.com\/index.php\/carlindia-presentation\/","title":{"rendered":"INDIA"},"content":{"rendered":"\n<div class=\"wp-block-columns is-layout-flex wp-container-core-columns-is-layout-9d6595d7 wp-block-columns-is-layout-flex\">\n<div class=\"wp-block-column is-layout-flow wp-block-column-is-layout-flow\" style=\"flex-basis:100%\">\n<div class=\"wp-block-group is-nowrap is-layout-flex wp-container-core-group-is-layout-ad2f72ca wp-block-group-is-layout-flex\">\n<div class=\"wp-block-media-text is-stacked-on-mobile is-vertically-aligned-center\"><figure class=\"wp-block-media-text__media\"><img loading=\"lazy\" decoding=\"async\" width=\"720\" height=\"960\" src=\"https:\/\/carlindia.com\/wp-content\/uploads\/2024\/03\/366752592_1543936159347678_1531602018649312592_n.jpg\" alt=\"\" class=\"wp-image-132 size-full\" srcset=\"https:\/\/carlindia.com\/wp-content\/uploads\/2024\/03\/366752592_1543936159347678_1531602018649312592_n.jpg 720w, https:\/\/carlindia.com\/wp-content\/uploads\/2024\/03\/366752592_1543936159347678_1531602018649312592_n-225x300.jpg 225w\" sizes=\"auto, (max-width: 720px) 100vw, 720px\" \/><\/figure><div class=\"wp-block-media-text__content\">\n<p>Gr\u00e2ce \u00e0 elle, tout a commenc\u00e9&#8230; <\/p>\n\n\n\n<p>En 2008, je devenais propri\u00e9taire d&rsquo; INDIA cette ponette shetland \u00e0 la personnalit\u00e9 tr\u00e8s affirm\u00e9e. Des souvenirs d&rsquo;enfance inoubliables, la naissance de cette passion et des chutes \u00e0 n&rsquo;en plus compter,  c&rsquo;est \u00e0 elle que je dois tout. <\/p>\n\n\n\n<p class=\"has-text-align-center has-small-font-size\"><em>Carla &amp; India 2010<\/em> <\/p>\n<\/div><\/div>\n<\/div>\n<\/div>\n<\/div>\n\n\n\n<div class=\"wp-block-media-text has-media-on-the-right is-stacked-on-mobile\"><div class=\"wp-block-media-text__content\">\n<p>J&rsquo;ai grandit aupr\u00e8s d&rsquo;elle et elle ne cesse de vieillir aupr\u00e8s de moi. C&rsquo;est l&rsquo;histoire de deux \u00e2mes s\u0153urs, miroir l&rsquo;une de l&rsquo;autre, l&rsquo;authenticit\u00e9 et la d\u00e9termination repr\u00e9sente CARLINDIA<\/p>\n\n\n\n<p><em>\u00ab\u00a0Jai donn\u00e9 ton nom \u00e0 mon combat et j&rsquo;ai promis que ma victoire parlerait de toi\u00a0\u00bb <\/em><\/p>\n\n\n\n<p class=\"has-text-align-center\"> MERCI <\/p>\n\n\n\n<p class=\"has-text-align-center has-small-font-size\"><em>Carla &amp; India 2024<\/em><\/p>\n<\/div><figure class=\"wp-block-media-text__media\"><img loading=\"lazy\" decoding=\"async\" width=\"765\" height=\"1024\" src=\"https:\/\/carlindia.com\/wp-content\/uploads\/2024\/03\/c0f87d23-e01a-45ec-93f9-ffb070e9f923-2-765x1024.jpg\" alt=\"\" class=\"wp-image-180 size-full\" srcset=\"https:\/\/carlindia.com\/wp-content\/uploads\/2024\/03\/c0f87d23-e01a-45ec-93f9-ffb070e9f923-2-765x1024.jpg 765w, https:\/\/carlindia.com\/wp-content\/uploads\/2024\/03\/c0f87d23-e01a-45ec-93f9-ffb070e9f923-2-224x300.jpg 224w, https:\/\/carlindia.com\/wp-content\/uploads\/2024\/03\/c0f87d23-e01a-45ec-93f9-ffb070e9f923-2.jpg 767w\" sizes=\"auto, (max-width: 706px) 89vw, (max-width: 767px) 82vw, 740px\" \/><\/figure><\/div>\n","protected":false},"excerpt":{"rendered":"<p>Gr\u00e2ce \u00e0 elle, tout a commenc\u00e9&#8230; En 2008, je devenais propri\u00e9taire d&rsquo; INDIA cette ponette shetland \u00e0 la personnalit\u00e9 tr\u00e8s affirm\u00e9e. Des souvenirs d&rsquo;enfance inoubliables, la naissance de cette passion et des chutes \u00e0 n&rsquo;en plus compter, c&rsquo;est \u00e0 elle que je dois tout. Carla &amp; India 2010 J&rsquo;ai grandit aupr\u00e8s d&rsquo;elle et elle ne &hellip; <\/p>\n<p class=\"link-more\"><a href=\"https:\/\/carlindia.com\/index.php\/carlindia-presentation\/\" class=\"more-link\">Continuer la lecture<span class=\"screen-reader-text\"> de &laquo;&nbsp;INDIA&nbsp;&raquo;<\/span><\/a><\/p>\n","protected":false},"author":1,"featured_media":899,"parent":0,"menu_order":0,"comment_status":"closed","ping_status":"closed","template":"","meta":{"footnotes":""},"class_list":["post-130","page","type-page","status-publish","has-post-thumbnail","hentry"],"_links":{"self":[{"href":"https:\/\/carlindia.com\/index.php\/wp-json\/wp\/v2\/pages\/130","targetHints":{"allow":["GET"]}}],"collection":[{"href":"https:\/\/carlindia.com\/index.php\/wp-json\/wp\/v2\/pages"}],"about":[{"href":"https:\/\/carlindia.com\/index.php\/wp-json\/wp\/v2\/types\/page"}],"author":[{"embeddable":true,"href":"https:\/\/carlindia.com\/index.php\/wp-json\/wp\/v2\/users\/1"}],"replies":[{"embeddable":true,"href":"https:\/\/carlindia.com\/index.php\/wp-json\/wp\/v2\/comments?post=130"}],"version-history":[{"count":9,"href":"https:\/\/carlindia.com\/index.php\/wp-json\/wp\/v2\/pages\/130\/revisions"}],"predecessor-version":[{"id":466,"href":"https:\/\/carlindia.com\/index.php\/wp-json\/wp\/v2\/pages\/130\/revisions\/466"}],"wp:featuredmedia":[{"embeddable":true,"href":"https:\/\/carlindia.com\/index.php\/wp-json\/wp\/v2\/media\/899"}],"wp:attachment":[{"href":"https:\/\/carlindia.com\/index.php\/wp-json\/wp\/v2\/media?parent=130"}],"curies":[{"name":"wp","href":"https:\/\/api.w.org\/{rel}","templated":true}]}}